{"id":9,"date":"2023-03-07T10:56:34","date_gmt":"2023-03-07T10:56:34","guid":{"rendered":"https:\/\/korkee.fi\/?page_id=9"},"modified":"2023-09-19T10:52:59","modified_gmt":"2023-09-19T08:52:59","slug":"terms-and-conditions","status":"publish","type":"page","link":"https:\/\/korkee.fi\/fi\/terms-and-conditions\/","title":{"rendered":"Varaus- ja maksuehdot"},"content":{"rendered":"\t\t<div data-elementor-type=\"wp-page\" data-elementor-id=\"9\" class=\"elementor elementor-9\" data-elementor-post-type=\"page\">\n\t\t\t\t\t\t<section class=\"elementor-section elementor-top-section elementor-element elementor-element-609b055e elementor-section-boxed elementor-section-height-default elementor-section-height-default\" data-id=\"609b055e\" data-element_type=\"section\" data-e-type=\"section\">\n\t\t\t\t\t\t<div class=\"elementor-container elementor-column-gap-default\">\n\t\t\t\t\t<div class=\"elementor-column elementor-col-100 elementor-top-column elementor-element elementor-element-353c76e8\" data-id=\"353c76e8\" data-element_type=\"column\" data-e-type=\"column\">\n\t\t\t<div class=\"elementor-widget-wrap elementor-element-populated\">\n\t\t\t\t\t\t<div class=\"elementor-element elementor-element-c83cdfe elementor-widget elementor-widget-heading\" data-id=\"c83cdfe\" data-element_type=\"widget\" data-e-type=\"widget\" data-widget_type=\"heading.default\">\n\t\t\t\t<div class=\"elementor-widget-container\">\n\t\t\t\t\t<h2 class=\"elementor-heading-title elementor-size-default\">Varaus- ja toimitusehdot<\/h2>\t\t\t\t<\/div>\n\t\t\t\t<\/div>\n\t\t\t\t<div class=\"elementor-element elementor-element-5026f038 elementor-widget elementor-widget-text-editor\" data-id=\"5026f038\" data-element_type=\"widget\" data-e-type=\"widget\" data-widget_type=\"text-editor.default\">\n\t\t\t\t<div class=\"elementor-widget-container\">\n\t\t\t\t\t\t\t\t\t<p>Yleist&auml;<\/p><p>N&auml;iden k&auml;ytt&ouml;ehtojen sis&auml;lt&auml;m&auml;t kohdat ovat ehdot asiakkaan ja Seikkailupuisto Korkeessassan (Outdoor Entertainment Oy, 3295278-6) my&ouml;hemmin palveluntarjoaja) v&auml;lisess&auml; kaupassa. Varatessaan palvelun tai suorittaessaan maksun palveluistamme asiakas hyv&auml;ksyy n&auml;m&auml; ehdot ja sitoutuu noudattamaan niit&auml;. Sopimus syntyy kun asiakas on varannut palvelun tai suorittanut maksun palvelusta, ja palveluntarjoaja on t&auml;m&auml;n vahvistanut.<\/p><p>Palveluiden k&auml;ytt&ouml;<\/p><p>Ostettua palvelua voi k&auml;ytt&auml;&auml; vain kyseisen palvelun kuluttamiseen.<\/p><p>Pyh&auml;t, poikkeusp&auml;iv&auml;t ja huoltotauot<\/p><p>Emme hyvit&auml; yksitt&auml;isi&auml; poikkeusp&auml;ivi&auml;, jolloin keskus on ollut suljettuna. Ilmoitamme poikkeusp&auml;ivist&auml; erikseen sosiaalisen median sivuillamme. My&ouml;s varauskalenterimme n&auml;ytt&auml;&auml; ajantasaisen tilanteen. Emme hyvit&auml; yksitt&auml;isi&auml; poikkeustilanteita, jotka aiheutuvat palveluntarjoajasta riippumattomista syist&auml;.<\/p><p>Maksaminen<\/p><p>Seikkailupuisto Korkeessassan tuotteita voi ostaa verkkokaupasta tai paikan p&auml;&auml;lt&auml; sek&auml; tapauskohtaisesti Seikkailupuisto Korkeessassan yhteisty&ouml;kumppaneiden myyntipisteist&auml;.<\/p><p>Maksaminen verkossa<\/p><p>Verkkokaupassa maksutapana k&auml;yv&auml;t Paytrail Finljain tarjoamat maksuv&auml;lineet. Maksunv&auml;lityspalvelun toteuttajana ja maksupalveluntarjoajana toimii Paytrail Oyj (2122839-7) yhteisty&ouml;ss&auml; suomalaisten pankkien ja luottolaitosten kanssa.<\/p><p>Paytrail Oyj n&auml;kyy maksun saajana tiliotteella tai korttilaskulla ja v&auml;litt&auml;&auml; maksun kauppiaalle. Paytrail Oyj:ll&auml; on maksulaitoksen toimilupa. Reklamaatiotapauksissa pyyd&auml;mme ottamaan ensisijaisesti yhteytt&auml; tuotteen toimittajaan.<\/p><p>Paytrail Oyj, y-tunnus: 2122839-7 Innova 2 Lutakonaukio 7 40100 Jyv&auml;skyl&auml; (<a href=\"http:\/\/paytrail.com\/kuluttaja\/tietoa-maksamisesta\">paytrail.com\/kuluttaja\/tietoa-maksamisesta)<\/a><\/p><p>Maksaminen paikan p&auml;&auml;ll&auml;<\/p><p>Paikan p&auml;&auml;ll&auml; Seikkailupuisto Korkeessassassa maksuv&auml;linein&auml; k&auml;yv&auml;t k&auml;teinen (eurot), kotimaiset pankki- ja luottokortit (Visa, MasterCard) sek&auml; liikuntaseteli tai liikunta- ja kulttuuriseteli (Smartum, Edenred, Eazybreak). Liikuntaedulla voit maksaa vain henkil&ouml;kohtaisia liikuntapalvelujasi. Liikuntaetuja ja lahjakortteja ei voi muuttaa rahaksi, eik&auml; niist&auml; palauteta rahaa. Laskutus on mahdollista erikseen sovittaessa. Laskutamme p&auml;&auml;s&auml;&auml;nt&ouml;isesti vain y-tunnuksen omaavia tahoja, emme yksityishenkil&ouml;it&auml;. Laskuihin lis&auml;t&auml;&auml;n laskutuslis&auml; 10&euro;.<\/p><p>Lippujen tai lahjakorttien katoaminen<\/p><p>Kadotettuja lippuja tai lahjakortteja ei hyvitet&auml;.<\/p><p>Lahjakortti<\/p><p>Maksettaessa lahjakortilla paikan p&auml;&auml;ll&auml; lahjakortti tulee esitt&auml;&auml; maksun yhteydess&auml;. Verkkokaupassa maksaessa lahjakortin koodi tulee sy&ouml;tt&auml;&auml; sille varattuun tilaan. Lahjakorttia ei voi vaihtaa rahaksi. Lahjakortti on voimassa 12 kk ostop&auml;iv&auml;st&auml;.<\/p><p>Sairastapaukset, ostosten muutokset ja rahapalautukset<\/p><p>Sairastapaukset l&auml;&auml;k&auml;rin tai terveydenhoitajan todistuksella, rahanpalautukset ja jo ostettujen palveluiden muutokset tai vaihdot k&auml;sittelemme tapauskohtaisesti. Rahapalautuksista sek&auml; ostosten muutoksista veloitamme k&auml;sittelymaksuna 10 &euro;. Rahapalautuksia ei suoriteta, mik&auml;li palvelu on maksettu liikuntarahoilla tai muulla ty&ouml;nantajan my&ouml;nt&auml;m&auml;ll&auml; edulla. Rahapalautukset tehd&auml;&auml;n samalle maksutavalle, jolla tilaus on tehty.<\/p><p>Tarjoukset<\/p><p>Tarjouksia ei voi yhdist&auml;&auml;. Alennusprosentti tai eurom&auml;&auml;r&auml;inen alennus koskee vain normaalihintaisia palveluita, ei alennusryhm&auml;hinnoiteltuja tai jo alennettuja palveluita. Kampanjoilla sek&auml; tarjouksilla saattaa olla lis&auml;ksi omat myyntiehtonsa tai poikkeava voimassaoloaika.<\/p><p>Varaus- ja peruutusehdot<\/p><p>Varaukset ovat sitovia, emmek&auml; ota alustavia varauksia vastaan. Joissain tuotteissa\/palveluissa on varausmaksu, joka tulee maksaa ennen varauksen vahvistamista. Osa tuotteista tulee maksaa t&auml;ysim&auml;&auml;r&auml;isesti ennen tilaisuutta. Varatut maksamattomat liput tulee lunastaa viimeist&auml;&auml;n 15 minuuttia ennen varauksen alkamisajankohtaa. Pid&auml;t&auml;mme oikeuden palauttaa lunastamattomat liput tapauskohtaisesti uudelleen myyntiin. Mik&auml;li et tule varaamallesi vuorolle, on varaus peruutettava s&auml;hk&ouml;postitse k&auml;ytt&auml;en varausvahvistuksessa olevaa linkki&auml;.<\/p><p>Alle 3 p&auml;iv&auml;&auml; ennen varausajankohtaa tulleista peruutuksista perimme 50&euro; peruutusmaksun, sairastapauksia lukuun ottamatta (l&auml;&auml;k&auml;rin tai terveydenhoitajan todistus on toimitettava). Yksitt&auml;iset varaukset tulee perua viimeist&auml;&auml;n 24 tuntia ennen varauksen alkua. Mik&auml;li varaus perutaan alle vuorokauden varoitusajalla tai asiakas ei saavu paikalle, veloitamme asiakkaalta t&auml;yden hinnan.<\/p><p>Normaalien aukioloaikojen ulkopuolelle tehtyjen varausten perumisesta veloitamme aina v&auml;hint&auml;&auml;n 50% varauksen loppusummasta (yli 7 vrk ennen tapahtuma-ajankohtaa tapahtunut peruminen), mutta mik&auml;li varaus perutaan alle 7 vrk ennen tapahtuma-ajankohtaa, tai jos varausta ei peruta lainkaan ennen tapahtuma-ajankohtaa, veloitamme asiakkaalta t&auml;yden hinnan.<\/p><p>Palveluntarjoajalla on oikeus perua asiakkaan varaus, jos palvelu joudutaan v&auml;h&auml;isen osallistujam&auml;&auml;r&auml;n tai muun ylivoimaisen esteen vuoksi perumaan. T&auml;ll&ouml;in asiakkaalle palautetaan kauppasumma t&auml;ysim&auml;&auml;r&auml;isen&auml; tai vaihdetaan toiseen samanarvoiseen palveluntarjoajalta l&ouml;ytyv&auml;&auml;n palveluun.<\/p><p>Verkkokaupassa myynniss&auml; olevat palvelut noudattavat yleisi&auml; verkkokaupan ehtojamme. Verkkokaupasta ostetuilla k&auml;ytt&auml;m&auml;tt&ouml;mill&auml; kerta-, sarja- tai muilla lipuilla ei ole peruutusoikeutta (kuluttajansuojalaki luku 6, &sect;16, kohta 11)<\/p><p>Ik&auml;rajat<\/p><p>Kaikenik&auml;iset asiakkaat ovat tervetulleita, mutta vanhemmat tai lapsen seurassa olevat aikuiset ovat vastuussa lapsesta. Alaik&auml;iset lapset ovat aina vanhemman tai huoltajan vastuulla. Tarkista eri palveluiden ik&auml;-, pituus-, paino- tai muut rajoitukset ennen ostamista.<\/p><p>Oikeudet muutoksiin pid&auml;tet&auml;&auml;n.<\/p>\n\t\t\t\t\t\t\t\t<\/div>\n\t\t\t\t<\/div>\n\t\t\t\t\t<\/div>\n\t\t<\/div>\n\t\t\t\t\t<\/div>\n\t\t<\/section>\n\t\t\t\t<\/div>\n\t\t","protected":false},"excerpt":{"rendered":"<p>Varaus- ja toimitusehdot Yleist\u00e4 N\u00e4iden k\u00e4ytt\u00f6ehtojen sis\u00e4lt\u00e4m\u00e4t kohdat ovat ehdot asiakkaan ja Seikkailupuisto Korkeen (Outdoor Entertainment Oy, 3295278-6) my\u00f6hemmin palveluntarjoaja) v\u00e4lisess\u00e4 kaupassa. Varatessaan palvelun tai suorittaessaan maksun palveluistamme asiakas hyv\u00e4ksyy n\u00e4m\u00e4 ehdot ja sitoutuu noudattamaan niit\u00e4. Sopimus syntyy kun asiakas on varannut palvelun tai suorittanut maksun palvelusta, ja palveluntarjoaja on t\u00e4m\u00e4n vahvistanut. Palveluiden k\u00e4ytt\u00f6 Ostettua&#8230;<\/p>\n","protected":false},"author":1,"featured_media":0,"parent":0,"menu_order":0,"comment_status":"closed","ping_status":"closed","template":"elementor_header_footer","meta":{"_acf_changed":false,"_mo_disable_npp":"","_kad_post_transparent":"","_kad_post_title":"","_kad_post_layout":"","_kad_post_sidebar_id":"","_kad_post_content_style":"","_kad_post_vertical_padding":"","_kad_post_feature":"","_kad_post_feature_position":"","_kad_post_header":false,"_kad_post_footer":false,"_kad_post_classname":"","footnotes":""},"class_list":["post-9","page","type-page","status-publish","hentry"],"acf":[],"aioseo_notices":[],"_links":{"self":[{"href":"https:\/\/korkee.fi\/fi\/wp-json\/wp\/v2\/pages\/9","targetHints":{"allow":["GET"]}}],"collection":[{"href":"https:\/\/korkee.fi\/fi\/wp-json\/wp\/v2\/pages"}],"about":[{"href":"https:\/\/korkee.fi\/fi\/wp-json\/wp\/v2\/types\/page"}],"author":[{"embeddable":true,"href":"https:\/\/korkee.fi\/fi\/wp-json\/wp\/v2\/users\/1"}],"replies":[{"embeddable":true,"href":"https:\/\/korkee.fi\/fi\/wp-json\/wp\/v2\/comments?post=9"}],"version-history":[{"count":40,"href":"https:\/\/korkee.fi\/fi\/wp-json\/wp\/v2\/pages\/9\/revisions"}],"predecessor-version":[{"id":5690,"href":"https:\/\/korkee.fi\/fi\/wp-json\/wp\/v2\/pages\/9\/revisions\/5690"}],"wp:attachment":[{"href":"https:\/\/korkee.fi\/fi\/wp-json\/wp\/v2\/media?parent=9"}],"curies":[{"name":"wp","href":"https:\/\/api.w.org\/{rel}","templated":true}]}}