{"id":6082,"date":"2024-01-24T08:26:41","date_gmt":"2024-01-24T06:26:41","guid":{"rendered":"https:\/\/korkee.fi\/?page_id=6082"},"modified":"2024-02-21T17:10:38","modified_gmt":"2024-02-21T15:10:38","slug":"school-field-trips","status":"publish","type":"page","link":"https:\/\/korkee.fi\/fi\/school-field-trips\/","title":{"rendered":"School field trips"},"content":{"rendered":"\t\t<div data-elementor-type=\"wp-page\" data-elementor-id=\"6082\" class=\"elementor elementor-6082\" data-elementor-post-type=\"page\">\n\t\t\t\t\t\t<section class=\"elementor-section elementor-top-section elementor-element elementor-element-6f3ab70 elementor-section-full_width elementor-section-height-min-height elementor-section-height-default elementor-section-items-middle\" data-id=\"6f3ab70\" data-element_type=\"section\" data-e-type=\"section\" data-settings=\"{&quot;background_background&quot;:&quot;classic&quot;}\">\n\t\t\t\t\t\t\t<div class=\"elementor-background-overlay\"><\/div>\n\t\t\t\t\t\t\t<div class=\"elementor-container elementor-column-gap-no\">\n\t\t\t\t\t<div class=\"elementor-column elementor-col-100 elementor-top-column elementor-element elementor-element-f6be348\" data-id=\"f6be348\" data-element_type=\"column\" data-e-type=\"column\">\n\t\t\t<div class=\"elementor-widget-wrap elementor-element-populated\">\n\t\t\t\t\t\t<div class=\"elementor-element elementor-element-feb158c elementor-widget elementor-widget-heading\" data-id=\"feb158c\" data-element_type=\"widget\" data-e-type=\"widget\" data-widget_type=\"heading.default\">\n\t\t\t\t<div class=\"elementor-widget-container\">\n\t\t\t\t\t<h1 class=\"elementor-heading-title elementor-size-default\">Koulujen luokkaretket<\/h1>\t\t\t\t<\/div>\n\t\t\t\t<\/div>\n\t\t\t\t<div class=\"elementor-element elementor-element-b2478b7 elementor-widget__width-initial elementor-widget-tablet__width-inherit elementor-widget elementor-widget-text-editor\" data-id=\"b2478b7\" data-element_type=\"widget\" data-e-type=\"widget\" data-widget_type=\"text-editor.default\">\n\t\t\t\t<div class=\"elementor-widget-container\">\n\t\t\t\t\t\t\t\t\t<p>Vuoden kohokohta kaikenik&auml;isille oppilaille!<\/p><p>Luokkaretki seikkailupuisto Korkeessaseen tarjoaa mahtavat puitteeet kaikenik&auml;isille, kokoisille ja tasoisille oppilaille. Korkeessalta l&ouml;yd&auml;t paljon tekemist&auml; niin puiden latvoista kuin maan pinnaltakin.&nbsp;<\/p>\n\t\t\t\t\t\t\t\t<\/div>\n\t\t\t\t<\/div>\n\t\t\t\t\t<\/div>\n\t\t<\/div>\n\t\t\t\t\t<\/div>\n\t\t<\/section>\n\t\t\t\t<section class=\"elementor-section elementor-top-section elementor-element elementor-element-64ad481 elementor-section-full_width elementor-section-content-bottom elementor-section-stretched elementor-section-height-default elementor-section-height-default\" data-id=\"64ad481\" data-element_type=\"section\" data-e-type=\"section\" data-settings=\"{&quot;background_background&quot;:&quot;classic&quot;,&quot;stretch_section&quot;:&quot;section-stretched&quot;}\">\n\t\t\t\t\t\t<div class=\"elementor-container elementor-column-gap-default\">\n\t\t\t\t\t<div class=\"elementor-column elementor-col-100 elementor-top-column elementor-element elementor-element-7c3a390\" data-id=\"7c3a390\" data-element_type=\"column\" data-e-type=\"column\">\n\t\t\t<div class=\"elementor-widget-wrap elementor-element-populated\">\n\t\t\t\t\t\t<div class=\"elementor-element elementor-element-be73d14 elementor-widget elementor-widget-image\" data-id=\"be73d14\" data-element_type=\"widget\" data-e-type=\"widget\" data-widget_type=\"image.default\">\n\t\t\t\t<div class=\"elementor-widget-container\">\n\t\t\t\t\t\t\t\t\t\t\t\t\t\t\t<img fetchpriority=\"high\" decoding=\"async\" width=\"1919\" height=\"145\" src=\"https:\/\/korkee.fi\/wp-content\/uploads\/2023\/02\/img8.png\" class=\"attachment-full size-full wp-image-68\" alt=\"\" srcset=\"https:\/\/korkee.fi\/wp-content\/uploads\/2023\/02\/img8.png 1919w, https:\/\/korkee.fi\/wp-content\/uploads\/2023\/02\/img8-300x23.png 300w, https:\/\/korkee.fi\/wp-content\/uploads\/2023\/02\/img8-1024x77.png 1024w, https:\/\/korkee.fi\/wp-content\/uploads\/2023\/02\/img8-768x58.png 768w, https:\/\/korkee.fi\/wp-content\/uploads\/2023\/02\/img8-1536x116.png 1536w, https:\/\/korkee.fi\/wp-content\/uploads\/2023\/02\/img8-600x45.png 600w\" sizes=\"(max-width: 1919px) 100vw, 1919px\" title=\"img8.png - Adventure Park Korkee\" \/>\t\t\t\t\t\t\t\t\t\t\t\t\t\t\t<\/div>\n\t\t\t\t<\/div>\n\t\t\t\t\t<\/div>\n\t\t<\/div>\n\t\t\t\t\t<\/div>\n\t\t<\/section>\n\t\t\t\t<section class=\"elementor-section elementor-top-section elementor-element elementor-element-626afc5 elementor-section-boxed elementor-section-height-default elementor-section-height-default\" data-id=\"626afc5\" data-element_type=\"section\" data-e-type=\"section\">\n\t\t\t\t\t\t<div class=\"elementor-container elementor-column-gap-default\">\n\t\t\t\t\t<div class=\"elementor-column elementor-col-100 elementor-top-column elementor-element elementor-element-85fe2c2\" data-id=\"85fe2c2\" data-element_type=\"column\" data-e-type=\"column\">\n\t\t\t<div class=\"elementor-widget-wrap elementor-element-populated\">\n\t\t\t\t\t\t<div class=\"elementor-element elementor-element-10238d1 elementor-widget elementor-widget-price-table\" data-id=\"10238d1\" data-element_type=\"widget\" data-e-type=\"widget\" data-widget_type=\"price-table.default\">\n\t\t\t\t<div class=\"elementor-widget-container\">\n\t\t\t\t\t\n\t\t<div class=\"elementor-price-table\">\n\t\t\t\t\t\t\t<div class=\"elementor-price-table__header\">\n\t\t\t\t\t\t\t\t\t\t\t<h3 class=\"elementor-price-table__heading\">\n\t\t\t\t\t\tKorkee School Field Trips\t\t\t\t\t\t<\/h3>\n\t\t\t\t\t\n\t\t\t\t\t\t\t\t\t\t\t<span class=\"elementor-price-table__subheading\">\n\t\t\t\t\t\t\tHigh ropes courses in the tree tops and geocaching at the ground level. These activities are legendary among children and adults alike!\t\t\t\t\t\t<\/span>\n\t\t\t\t\t\t\t\t\t<\/div>\n\t\t\t\n\t\t\t<div class=\"elementor-price-table__price\">\n\t\t\t\t\t\t\t\t\t\t\t\t\t\t\t\t\t<span class=\"elementor-price-table__integer-part\">\n\t\t\t\t\t\t30\t\t\t\t\t<\/span>\n\t\t\t\t\n\t\t\t\t\t\t\t\t\t<div class=\"elementor-price-table__after-price\">\n\t\t\t\t\t\t<span class=\"elementor-price-table__fractional-part\">\n\t\t\t\t\t\t\t\t\t\t\t\t\t<\/span>\n\n\t\t\t\t\t\t\t\t\t\t\t\t\t<span class=\"elementor-price-table__period elementor-typo-excluded\"> \u20ac\/PERSON<\/span>\t\t\t\t\t\t\t\t\t\t\t<\/div>\n\t\t\t\t\n\t\t\t\t\n\t\t\t\t\t\t\t<\/div>\n\n\t\t\t\t\t\t\t<ul class=\"elementor-price-table__features-list\">\n\t\t\t\t\t\t\t\t\t\t\t<li class=\"elementor-repeater-item-3a03d1d\">\n\t\t\t\t\t\t\t<div class=\"elementor-price-table__feature-inner\">\n\t\t\t\t\t\t\t\t<i aria-hidden=\"true\" class=\"far fa-check-circle\"><\/i>\t\t\t\t\t\t\t\t\t\t\t\t\t\t\t\t\t<span >\n\t\t\t\t\t\t\t\t\t\tBriefing, high ropes and geocaching (both activities are included in the price. Gloves for the high ropes courses are also included).\t\t\t\t\t\t\t\t\t<\/span>\n\t\t\t\t\t\t\t\t\t\t\t\t\t\t\t\t<\/div>\n\t\t\t\t\t\t<\/li>\n\t\t\t\t\t\t\t\t\t\t\t<li class=\"elementor-repeater-item-3404d23\">\n\t\t\t\t\t\t\t<div class=\"elementor-price-table__feature-inner\">\n\t\t\t\t\t\t\t\t<i aria-hidden=\"true\" class=\"far fa-check-circle\"><\/i>\t\t\t\t\t\t\t\t\t\t\t\t\t\t\t\t\t<span >\n\t\t\t\t\t\t\t\t\t\tWe provide a separate reserved area for you to eat your snacks (you can also order food and drinks from us)\t\t\t\t\t\t\t\t\t<\/span>\n\t\t\t\t\t\t\t\t\t\t\t\t\t\t\t\t<\/div>\n\t\t\t\t\t\t<\/li>\n\t\t\t\t\t\t\t\t\t\t\t<li class=\"elementor-repeater-item-74e6ccf\">\n\t\t\t\t\t\t\t<div class=\"elementor-price-table__feature-inner\">\n\t\t\t\t\t\t\t\t<i aria-hidden=\"true\" class=\"far fa-check-circle\"><\/i>\t\t\t\t\t\t\t\t\t\t\t\t\t\t\t\t\t<span >\n\t\t\t\t\t\t\t\t\t\tTotal duration appx. 3-4 hours\t\t\t\t\t\t\t\t\t<\/span>\n\t\t\t\t\t\t\t\t\t\t\t\t\t\t\t\t<\/div>\n\t\t\t\t\t\t<\/li>\n\t\t\t\t\t\t\t\t\t\t\t<li class=\"elementor-repeater-item-e62b724\">\n\t\t\t\t\t\t\t<div class=\"elementor-price-table__feature-inner\">\n\t\t\t\t\t\t\t\t<i aria-hidden=\"true\" class=\"far fa-check-circle\"><\/i>\t\t\t\t\t\t\t\t\t\t\t\t\t\t\t\t\t<span >\n\t\t\t\t\t\t\t\t\t\tHelsinki: Mustikkamaa and Palohein\u00e4\t\t\t\t\t\t\t\t\t<\/span>\n\t\t\t\t\t\t\t\t\t\t\t\t\t\t\t\t<\/div>\n\t\t\t\t\t\t<\/li>\n\t\t\t\t\t\t\t\t\t<\/ul>\n\t\t\t\n\t\t\t\t\t\t\t<div class=\"elementor-price-table__footer\">\n\t\t\t\t\t\t\t\t\t\t\t<a class=\"elementor-price-table__button elementor-button elementor-size-md\" href=\"https:\/\/korkee.fi\/book-school-field-trips\/\">\n\t\t\t\t\t\t\tBook Your Field Trip Now\t\t\t\t\t\t<\/a>\n\t\t\t\t\t\n\t\t\t\t\t\t\t\t\t<\/div>\n\t\t\t\t\t<\/div>\n\n\t\t\t\t\t\t<\/div>\n\t\t\t\t<\/div>\n\t\t\t\t<div class=\"elementor-element elementor-element-c840925 elementor-widget elementor-widget-heading\" data-id=\"c840925\" data-element_type=\"widget\" data-e-type=\"widget\" data-widget_type=\"heading.default\">\n\t\t\t\t<div class=\"elementor-widget-container\">\n\t\t\t\t\t<h2 class=\"elementor-heading-title elementor-size-default\">Tule viett\u00e4m\u00e4\u00e4n upea p\u00e4iv\u00e4 kanssamme<\/h2>\t\t\t\t<\/div>\n\t\t\t\t<\/div>\n\t\t\t\t<div class=\"elementor-element elementor-element-e3e75b5 elementor-widget elementor-widget-text-editor\" data-id=\"e3e75b5\" data-element_type=\"widget\" data-e-type=\"widget\" data-widget_type=\"text-editor.default\">\n\t\t\t\t<div class=\"elementor-widget-container\">\n\t\t\t\t\t\t\t\t\t<p style=\"text-align: left;\"><span style=\"font-weight: 400;\">Luokkaretkip&auml;iv&auml; seikkailupuisto Korkeessa on mahtavan liikunnallinen p&auml;iv&auml; ulkoilmassa. Luokkaretkiliput sis&auml;lt&auml;v&auml;t latvaratojen vapaan k&auml;yt&ouml;n, geok&auml;tk&ouml;lly&auml;, hanskat kotiinviet&auml;v&auml;ksi sek&auml; erillisen katetun alueen varattuna k&auml;ytt&ouml;&ouml;nne.<\/span><\/p><p style=\"text-align: left;\"><span style=\"font-weight: 400;\">Luokkaretkiliput ovat varattavissa 22.4. eteenp&auml;in aina juhannukseen saakka ja j&auml;lleen elokuusta eteenp&auml;in aina kunnes puistot sulkeutuvat lokakuun loppupuolella. Tarkista vapaat ajat ja tee varaus verkossa klikkaamalla alempaa l&ouml;ytyvi&auml; painikkeita.<\/span><\/p>\n\t\t\t\t\t\t\t\t<\/div>\n\t\t\t\t<\/div>\n\t\t\t\t<div class=\"elementor-element elementor-element-b9db6e0 elementor-align-center elementor-tablet-align-left elementor-mobile-align-justify elementor-widget elementor-widget-button\" data-id=\"b9db6e0\" data-element_type=\"widget\" data-e-type=\"widget\" data-widget_type=\"button.default\">\n\t\t\t\t<div class=\"elementor-widget-container\">\n\t\t\t\t\t\t\t\t\t<div class=\"elementor-button-wrapper\">\n\t\t\t\t\t<a class=\"elementor-button elementor-button-link elementor-size-sm\" href=\"https:\/\/korkee.fi\/book-school-field-trips\/\">\n\t\t\t\t\t\t<span class=\"elementor-button-content-wrapper\">\n\t\t\t\t\t\t\t\t\t<span class=\"elementor-button-text\">Varaa luokkaretkip\u00e4iv\u00e4 t\u00e4\u00e4lt\u00e4<\/span>\n\t\t\t\t\t<\/span>\n\t\t\t\t\t<\/a>\n\t\t\t\t<\/div>\n\t\t\t\t\t\t\t\t<\/div>\n\t\t\t\t<\/div>\n\t\t\t\t<div class=\"elementor-element elementor-element-0a25449 elementor-widget elementor-widget-text-editor\" data-id=\"0a25449\" data-element_type=\"widget\" data-e-type=\"widget\" data-widget_type=\"text-editor.default\">\n\t\t\t\t<div class=\"elementor-widget-container\">\n\t\t\t\t\t\t\t\t\t<p style=\"text-align: left;\"><span style=\"font-weight: 400;\">K&ouml;ysiseikkailuratamme on suunniteltu sopimaan aloittelijoille ja perheille, mutta ne tarjoavat paljon haasteita my&ouml;s kokeneemmille seikkailijoille. Radoilla menee aikaa 2-3 tuntia.<\/span><\/p><p style=\"text-align: left;\">Geok&auml;tk&ouml;ilyss&auml; jakaudutte pieniin ryhmiin ja kierr&auml;tte l&auml;hialuetta etsien luontoon piilotettuja k&auml;tk&ouml;j&auml; vihjeiden avulla. Geok&auml;tk&ouml;ilyyn kannattaa varata aikaa 1-2 tuntia ryhm&auml;st&auml; riippuen.<\/p><p style=\"text-align: left;\">Luokkaretkilipun hinta sis&auml;lt&auml;&auml; kaikki radoilla tarvittavat varusteet. Radoilla pakolliset hanskat sis&auml;ltyv&auml;t hintaan ja ne saa seikkailun j&auml;lkeen omaksi. Varaamme my&ouml;s k&auml;ytt&ouml;&ouml;nne katetun alueen ev&auml;iden sy&ouml;nti&auml; varten. Voitte tuoda omat ev&auml;&auml;t tai tilata kahviostamme (katso<a href=\"https:\/\/korkee.fi\/cafe\/\">menu<\/a>).<\/p><p style=\"text-align: left;\">Opettajat ja valvojat p&auml;&auml;sev&auml;t seikkailemaan veloituksetta. Kupillinen kahvia\/teet&auml; tulee viel&auml; kaupan p&auml;&auml;lle.<\/p>\n\t\t\t\t\t\t\t\t<\/div>\n\t\t\t\t<\/div>\n\t\t\t\t<div class=\"elementor-element elementor-element-e11cae6 elementor-align-center elementor-tablet-align-left elementor-mobile-align-justify elementor-widget elementor-widget-button\" data-id=\"e11cae6\" data-element_type=\"widget\" data-e-type=\"widget\" data-widget_type=\"button.default\">\n\t\t\t\t<div class=\"elementor-widget-container\">\n\t\t\t\t\t\t\t\t\t<div class=\"elementor-button-wrapper\">\n\t\t\t\t\t<a class=\"elementor-button elementor-button-link elementor-size-sm\" href=\"https:\/\/korkee.fi\/book-school-field-trips\/\">\n\t\t\t\t\t\t<span class=\"elementor-button-content-wrapper\">\n\t\t\t\t\t\t\t\t\t<span class=\"elementor-button-text\">Varaa luokkaretkip\u00e4iv\u00e4 t\u00e4\u00e4lt\u00e4<\/span>\n\t\t\t\t\t<\/span>\n\t\t\t\t\t<\/a>\n\t\t\t\t<\/div>\n\t\t\t\t\t\t\t\t<\/div>\n\t\t\t\t<\/div>\n\t\t\t\t<div class=\"elementor-element elementor-element-4b569e7 elementor-widget elementor-widget-text-editor\" data-id=\"4b569e7\" data-element_type=\"widget\" data-e-type=\"widget\" data-widget_type=\"text-editor.default\">\n\t\t\t\t<div class=\"elementor-widget-container\">\n\t\t\t\t\t\t\t\t\t<p style=\"text-align: left;\">Luokkaretkiliput ovat 30&euro;\/hl&ouml; (min 15 henke&auml;). Maksu voidaan tehd&auml; paikan p&auml;&auml;ll&auml; tai laskulla. Yli 40 hengen ryhmien tapauksessa ota yhteytt&auml;<a href=\"mailto:info@korkee.fi\">info@korkee.fi<\/a> ja we&#8217;ll make the reservation for you.<\/p><p style=\"text-align: left;\">Radoille mahtuu 150 henke&auml; samanaikaisesti, mutta yli 40 hengen ryhmien tapauksessa pyrimme porrastamaan aloitusaikoja, jotta varusteiden pukemiseen ja alkuopastukseen ei muodostu turhia jonoja.<\/p><p style=\"text-align: left;\">Meilt&auml; l&ouml;ytyy my&ouml;s sis&auml;kohteita (<a href=\"https:\/\/irtimaasta.fi\">Irti Maasta<\/a> kiipeilykeskus,<a href=\"https:\/\/laserareena.fi\">Laserareena<\/a> laserseikkailukeskus,<a href=\"https:\/\/pomppulinnapark.fi\">Pomppulinnapark<\/a> t&auml;ynn&auml; pomppulinnoja ja muuta hauskaa) ostoskeskus REDIss&auml; (15 minuutin k&auml;velymatka Mustikkamaalta), joten myrskyn sattuessa luokkaretki ei mene pilalle.<\/p>\n\t\t\t\t\t\t\t\t<\/div>\n\t\t\t\t<\/div>\n\t\t\t\t<div class=\"elementor-element elementor-element-41023b0 elementor-align-center elementor-tablet-align-left elementor-mobile-align-justify elementor-widget elementor-widget-button\" data-id=\"41023b0\" data-element_type=\"widget\" data-e-type=\"widget\" data-widget_type=\"button.default\">\n\t\t\t\t<div class=\"elementor-widget-container\">\n\t\t\t\t\t\t\t\t\t<div class=\"elementor-button-wrapper\">\n\t\t\t\t\t<a class=\"elementor-button elementor-button-link elementor-size-sm\" href=\"https:\/\/korkee.fi\/book-school-field-trips\/\">\n\t\t\t\t\t\t<span class=\"elementor-button-content-wrapper\">\n\t\t\t\t\t\t\t\t\t<span class=\"elementor-button-text\">Varaa luokkaretkip\u00e4iv\u00e4 t\u00e4\u00e4lt\u00e4<\/span>\n\t\t\t\t\t<\/span>\n\t\t\t\t\t<\/a>\n\t\t\t\t<\/div>\n\t\t\t\t\t\t\t\t<\/div>\n\t\t\t\t<\/div>\n\t\t\t\t\t<\/div>\n\t\t<\/div>\n\t\t\t\t\t<\/div>\n\t\t<\/section>\n\t\t\t\t<\/div>\n\t\t","protected":false},"excerpt":{"rendered":"<p>School field trips A fantastic field trip for students of all ages! A school field trip to Adventure Park Korkee offers a great setting for groups of all ages, sizes and levels! There is plenty to do at high altitude, but also at ground level.\u00a0 Korkee School Field Trips High ropes courses in the tree&#8230;<\/p>\n","protected":false},"author":1,"featured_media":0,"parent":0,"menu_order":0,"comment_status":"closed","ping_status":"closed","template":"elementor_header_footer","meta":{"_acf_changed":false,"_mo_disable_npp":"","_kad_post_transparent":"default","_kad_post_title":"hide","_kad_post_layout":"fullwidth","_kad_post_sidebar_id":"","_kad_post_content_style":"unboxed","_kad_post_vertical_padding":"hide","_kad_post_feature":"hide","_kad_post_feature_position":"","_kad_post_header":false,"_kad_post_footer":false,"_kad_post_classname":"","footnotes":""},"class_list":["post-6082","page","type-page","status-publish","hentry"],"acf":[],"aioseo_notices":[],"_links":{"self":[{"href":"https:\/\/korkee.fi\/fi\/wp-json\/wp\/v2\/pages\/6082","targetHints":{"allow":["GET"]}}],"collection":[{"href":"https:\/\/korkee.fi\/fi\/wp-json\/wp\/v2\/pages"}],"about":[{"href":"https:\/\/korkee.fi\/fi\/wp-json\/wp\/v2\/types\/page"}],"author":[{"embeddable":true,"href":"https:\/\/korkee.fi\/fi\/wp-json\/wp\/v2\/users\/1"}],"replies":[{"embeddable":true,"href":"https:\/\/korkee.fi\/fi\/wp-json\/wp\/v2\/comments?post=6082"}],"version-history":[{"count":50,"href":"https:\/\/korkee.fi\/fi\/wp-json\/wp\/v2\/pages\/6082\/revisions"}],"predecessor-version":[{"id":6237,"href":"https:\/\/korkee.fi\/fi\/wp-json\/wp\/v2\/pages\/6082\/revisions\/6237"}],"wp:attachment":[{"href":"https:\/\/korkee.fi\/fi\/wp-json\/wp\/v2\/media?parent=6082"}],"curies":[{"name":"wp","href":"https:\/\/api.w.org\/{rel}","templated":true}]}}