{"id":3988,"date":"2023-05-31T11:08:53","date_gmt":"2023-05-31T09:08:53","guid":{"rendered":"https:\/\/korkee.fi\/?page_id=3988"},"modified":"2023-05-31T11:16:17","modified_gmt":"2023-05-31T09:16:17","slug":"tietosuojaseloste","status":"publish","type":"page","link":"https:\/\/korkee.fi\/fi\/tietosuojaseloste\/","title":{"rendered":"Tietosuojaseloste"},"content":{"rendered":"\t\t<div data-elementor-type=\"wp-page\" data-elementor-id=\"3988\" class=\"elementor elementor-3988\" data-elementor-post-type=\"page\">\n\t\t\t\t\t\t<section class=\"elementor-section elementor-top-section elementor-element elementor-element-6abf50d elementor-section-full_width elementor-section-height-min-height elementor-section-height-default elementor-section-items-middle\" data-id=\"6abf50d\" data-element_type=\"section\" data-e-type=\"section\" data-settings=\"{&quot;background_background&quot;:&quot;classic&quot;}\">\n\t\t\t\t\t\t\t<div class=\"elementor-background-overlay\"><\/div>\n\t\t\t\t\t\t\t<div class=\"elementor-container elementor-column-gap-no\">\n\t\t\t\t\t<div class=\"elementor-column elementor-col-100 elementor-top-column elementor-element elementor-element-a6016a4\" data-id=\"a6016a4\" data-element_type=\"column\" data-e-type=\"column\">\n\t\t\t<div class=\"elementor-widget-wrap elementor-element-populated\">\n\t\t\t\t\t\t<div class=\"elementor-element elementor-element-1d9aefa elementor-widget elementor-widget-heading\" data-id=\"1d9aefa\" data-element_type=\"widget\" data-e-type=\"widget\" data-widget_type=\"heading.default\">\n\t\t\t\t<div class=\"elementor-widget-container\">\n\t\t\t\t\t<h1 class=\"elementor-heading-title elementor-size-default\">TIETOSUOJASELOSTE<\/h1>\t\t\t\t<\/div>\n\t\t\t\t<\/div>\n\t\t\t\t\t<\/div>\n\t\t<\/div>\n\t\t\t\t\t<\/div>\n\t\t<\/section>\n\t\t\t\t<section class=\"elementor-section elementor-top-section elementor-element elementor-element-213ec08 elementor-section-full_width elementor-section-content-bottom elementor-section-stretched elementor-section-height-default elementor-section-height-default\" data-id=\"213ec08\" data-element_type=\"section\" data-e-type=\"section\" data-settings=\"{&quot;background_background&quot;:&quot;classic&quot;,&quot;stretch_section&quot;:&quot;section-stretched&quot;}\">\n\t\t\t\t\t\t<div class=\"elementor-container elementor-column-gap-default\">\n\t\t\t\t\t<div class=\"elementor-column elementor-col-100 elementor-top-column elementor-element elementor-element-f7afbe4\" data-id=\"f7afbe4\" data-element_type=\"column\" data-e-type=\"column\">\n\t\t\t<div class=\"elementor-widget-wrap elementor-element-populated\">\n\t\t\t\t\t\t<div class=\"elementor-element elementor-element-a210e4e elementor-widget elementor-widget-image\" data-id=\"a210e4e\" data-element_type=\"widget\" data-e-type=\"widget\" data-widget_type=\"image.default\">\n\t\t\t\t<div class=\"elementor-widget-container\">\n\t\t\t\t\t\t\t\t\t\t\t\t\t\t\t<img fetchpriority=\"high\" decoding=\"async\" width=\"1919\" height=\"145\" src=\"https:\/\/korkee.fi\/wp-content\/uploads\/2023\/02\/img8.png\" class=\"attachment-full size-full wp-image-68\" alt=\"\" srcset=\"https:\/\/korkee.fi\/wp-content\/uploads\/2023\/02\/img8.png 1919w, https:\/\/korkee.fi\/wp-content\/uploads\/2023\/02\/img8-300x23.png 300w, https:\/\/korkee.fi\/wp-content\/uploads\/2023\/02\/img8-1024x77.png 1024w, https:\/\/korkee.fi\/wp-content\/uploads\/2023\/02\/img8-768x58.png 768w, https:\/\/korkee.fi\/wp-content\/uploads\/2023\/02\/img8-1536x116.png 1536w, https:\/\/korkee.fi\/wp-content\/uploads\/2023\/02\/img8-600x45.png 600w\" sizes=\"(max-width: 1919px) 100vw, 1919px\" \/>\t\t\t\t\t\t\t\t\t\t\t\t\t\t\t<\/div>\n\t\t\t\t<\/div>\n\t\t\t\t\t<\/div>\n\t\t<\/div>\n\t\t\t\t\t<\/div>\n\t\t<\/section>\n\t\t\t\t<section class=\"elementor-section elementor-top-section elementor-element elementor-element-4d97ed6 elementor-section-boxed elementor-section-height-default elementor-section-height-default\" data-id=\"4d97ed6\" data-element_type=\"section\" data-e-type=\"section\">\n\t\t\t\t\t\t<div class=\"elementor-container elementor-column-gap-default\">\n\t\t\t\t\t<div class=\"elementor-column elementor-col-100 elementor-top-column elementor-element elementor-element-e5d273e\" data-id=\"e5d273e\" data-element_type=\"column\" data-e-type=\"column\">\n\t\t\t<div class=\"elementor-widget-wrap elementor-element-populated\">\n\t\t\t\t\t\t<div class=\"elementor-element elementor-element-cec71ca elementor-widget elementor-widget-text-editor\" data-id=\"cec71ca\" data-element_type=\"widget\" data-e-type=\"widget\" data-widget_type=\"text-editor.default\">\n\t\t\t\t<div class=\"elementor-widget-container\">\n\t\t\t\t\t\t\t\t\t<h2>Tietosuojaseloste<\/h2>\nVerkkokaupan korkee.fi (j\u00e4ljemp\u00e4n\u00e4 Kauppias) k\u00e4sitelt\u00e4vien henkil\u00f6tietojen rekisterinpit\u00e4j\u00e4n\u00e4 toimii: Outdoor Entertainment Oy, y-tunnus 3295278-6, osoite c\/o Kummelipolku 5 A, 02330 Espoo, puhelin +358505188075 ja s\u00e4hk\u00f6postiosoite info@korkee.fi.\n<h3>Mit\u00e4 tietoja minusta voidaan ker\u00e4t\u00e4?<\/h3>\n<ul>\n \t<li>nimi<\/li>\n \t<li>yhteystiedot ja s\u00e4hk\u00f6postiosoite<\/li>\n \t<li>maksutiedot ja toimitusosoite<\/li>\n \t<li>pankkitilin numero<\/li>\n \t<li>ostoshistoria, mm. tilatut tuotteet ja niiden hintatiedot<\/li>\n \t<li>asiakastiedot<\/li>\n \t<li>muut asiakastutkimuksiin ja\/tai tarjouksiin liittyv\u00e4t tiedot<\/li>\n<\/ul>\n<h3>Mihin henkil\u00f6tietojani k\u00e4ytet\u00e4\u00e4n?<\/h3>\nTietojen k\u00e4sittelyn tavoitteena on asiakkaan ja Kauppiaan v\u00e4lisien sopimusvelvoitteiden t\u00e4ytt\u00e4minen. Henkil\u00f6tietoja k\u00e4sitell\u00e4\u00e4n lakis\u00e4\u00e4teisten velvollisuuksien (esim. kirjanpito ja kuluttajariitojen ratkaiseminen) t\u00e4ytt\u00e4miseksi.\n\nHenkil\u00f6tietoja k\u00e4ytet\u00e4\u00e4n asiakkaan tilausten yll\u00e4pit\u00e4miseen ja niiden toimitukseen. Ostoshistorian tietoja (ostop\u00e4iv\u00e4, tuotteet ja niiden m\u00e4\u00e4r\u00e4, asiakkaan tiedot) k\u00e4ytet\u00e4\u00e4n ostettujen tuotteiden ja palvelujen yhteenvedon laatimiseen ja asiakkaiden mieltymyksien analysointiin. Tilinumeroa k\u00e4ytet\u00e4\u00e4n asiakkaille maksujen palauttamiseksi. Henkil\u00f6tietoja, kuten s\u00e4hk\u00f6postiosoite, puhelinnumero ja asiakkaan nimi, k\u00e4sitell\u00e4\u00e4n asiakkuuden yll\u00e4pit\u00e4miseen(asiakaspalvelu)\n\nVerkkokaupan k\u00e4ytt\u00e4jien IP-osoitteita tai muita verkkotunnisteita k\u00e4sitell\u00e4\u00e4n verkkopalvelujen tarjoamiseksi sek\u00e4 tilastollisiin tarkoituksiin.\n<h3>Kuka k\u00e4sittelee henkil\u00f6tietojani?<\/h3>\nKaikki asiakkaan k\u00e4ytt\u00e4j\u00e4tilin rekister\u00f6innin ja k\u00e4yt\u00f6n seurauksena Kauppiaan tietoon tulleet henkil\u00f6tiedot ovat suojattu asiattomalta p\u00e4\u00e4sylt\u00e4 ja luovutetaan kolmannelle osapuolelle vain asiakkaan suostumuksella, paitsi jos tiedonantovelvollisuus johtuu lains\u00e4\u00e4d\u00e4nn\u00f6st\u00e4. Asiakas hyv\u00e4ksyy, ett\u00e4 Kauppiaalla on oikeus k\u00e4sitell\u00e4 h\u00e4nen tietoja, mm luovuttaa tietoja kolmansille osapuolille, jotka liittyv\u00e4t Kauppiaan asiakaspalveluun, henkil\u00f6kohtaisemman kohdennetun sis\u00e4ll\u00f6n tuottamiseksi ja yksil\u00f6llistettyjen palveluiden kehitt\u00e4miseksi.\n<h3>Miten tietojani suojataan?<\/h3>\nKauppias s\u00e4ilytt\u00e4\u00e4 asiakastietoja Siteground Ltd:n palvelimilla, jotka sijaitsevat Euroopan unionin j\u00e4senvaltiossa tai Euroopan talousalueeseen liittyneiden maiden alueella. Tietoja voidaan siirt\u00e4\u00e4 maihin, joiden tietosuojan tasoa Euroopan komissio pit\u00e4\u00e4 riitt\u00e4v\u00e4n\u00e4, sek\u00e4 Yhdysvaltain yrityksille, jotka ovat liittyneet Privacy Shield -yksityisyyden suojaj\u00e4rjestelyyn.\n\nSuojatakseen henkil\u00f6tietoja vahingossa tai laittomasti tapahtuvalta tietojen h\u00e4vitt\u00e4miselt\u00e4, muuttamiselta, luovuttamiselta tai julkaisemiselta, on verkkokauppa toteuttanut asianmukaisia fyysisi\u00e4, organisatorisia ja teknisi\u00e4 turvaratkaisuja.\n<h3>Henkil\u00f6tietojen v\u00e4litt\u00e4minen verkkokaupan k\u00e4sittelij\u00f6ille<\/h3>\nTietojen k\u00e4sittely tapahtuu Kauppiaan ja valtuutettujen k\u00e4sittelij\u00f6iden v\u00e4listen sopimuksien perusteella. Henkil\u00f6kunnallamme on velvollisuus varmistaa, ett\u00e4 henkil\u00f6tietojen k\u00e4sittelyss\u00e4 k\u00e4ytet\u00e4\u00e4n asianmukaisia suojatoimenpiteit\u00e4.\n<h3>Miten voin korjata j\u00e4rjestelm\u00e4\u00e4n itsest\u00e4ni tallennettuja tietoja?<\/h3>\nVerkkokaupassa tallennettuihin henkil\u00f6tietoihin voi tutustua ja niit\u00e4 oikaista verkkokaupan tilinhallinta-sivulla. Jos toteutat ostosi ilman asiakastili\u00e4 (ilman k\u00e4ytt\u00e4j\u00e4tunnusta), voit pyyt\u00e4\u00e4 j\u00e4rjestelmiin tallennetut tiedot itsellesi tietopyynt\u00f6lomakkeella.\n<h3>Miten peruutan suostumukseni?<\/h3>\nJos henkil\u00f6tietojen k\u00e4sittely perustuu erilliseen suostumukseen, sinulla on oikeus peruuttaa suostumuksesi, milloin tahansa. Voit peruuttaa antamasi suostumuksen tilinhallinta-sivulla.\n<h3>Kuinka kauan tietojani s\u00e4ilytet\u00e4\u00e4n?<\/h3>\nKanta-asiakkaiden tiedot s\u00e4ilytet\u00e4\u00e4n l\u00e4ht\u00f6kohtaisesti niin kauan kuin asiakkaan kanta-asiakkuus on voimassa; paitsi, jos tiedot ovat osa Kauppiaan kirjanpitomateriaalia, jolloin niit\u00e4 s\u00e4ilytet\u00e4\u00e4n kirjanpitolain m\u00e4\u00e4rittelem\u00e4n ajan (seitsem\u00e4n vuotta); tai liittyv\u00e4t maksu- ja reklamaatioasioiden k\u00e4sittelyyn, jolloin niit\u00e4 s\u00e4ilytet\u00e4\u00e4n vaateen t\u00e4ytt\u00e4misen kannalta edellytetyn ajan tai vaateen vanhentumisajan kuluttua (kolme vuotta).\n\nKun teet tilauksen verkkokaupassa ilman asiakastili\u00e4 (ilman k\u00e4ytt\u00e4j\u00e4tunnusta), tallennetaan antamasi tiedot j\u00e4rjestelm\u00e4\u00e4n ja henkil\u00f6kohtaista ostoshistoriaasi s\u00e4ilytet\u00e4\u00e4n kolme vuotta.\n<h3>Miten poistan henkil\u00f6tietoni?<\/h3>\nVoit poistaa itse\u00e4si koskevat verkkokaupassa tallennetut henkil\u00f6tiedot ja irtisanoa kanta-asiakkuuden verkkokaupan tilinhallinta-sivulla.\n\nJos sinulla ei ole asiakastili\u00e4, voit pyyt\u00e4\u00e4 itse\u00e4si koskevien henkil\u00f6tietojen poistamista tietopyynt\u00f6lomakkeella. Vastaamme pyynt\u00f6\u00f6si viimeist\u00e4\u00e4n kuukauden kuluttua ja tarvittaessa tarkennamme my\u00f6s tietojen poistamisen ajan.\n<h3>Miten siirr\u00e4n tiedot?<\/h3>\nVoit l\u00e4hett\u00e4\u00e4 tiedonsiirtopyynn\u00f6n tietopyynt\u00f6lomakkeella. Tiedonsiirto edellytt\u00e4\u00e4 henkil\u00f6llisyyden todentamista. Vastaamme pyynt\u00f6\u00f6si viimeist\u00e4\u00e4n kuukauden kuluttua l\u00e4hett\u00e4m\u00e4ll\u00e4 siirtoon sovellettavat henkil\u00f6tiedot.\n<h3>Miten perun s\u00e4hk\u00f6isen suoramarkkinoinnin luvan?<\/h3>\nJos olet antanut luvan, k\u00e4yt\u00e4mme s\u00e4hk\u00f6postiosoitteettasi ja puhelinnumeroasi s\u00e4hk\u00f6iseen suoramarkkinointiviestint\u00e4\u00e4n. Voit peruuttaa antamasi luvan olemalla yhteydess\u00e4 asiakaspalveluun tai peruuttamalla s\u00e4hk\u00f6isen suoramarkkinoinnin luvan vastaanottamasi s\u00e4hk\u00f6postiviestin otsikossa sijaitsevan vastaavan linkin kautta.\n\nVoit my\u00f6s milloin tahansa vastustaa profilointia (henkil\u00f6tietojen k\u00e4sittely\u00e4, jossa henkil\u00f6tietoja k\u00e4ytt\u00e4m\u00e4ll\u00e4 arvioidaan joitakin henkil\u00f6kohtaisia ominaisuuksiasi markkinoinnin kohdentamiseksi) olemalla yhteydess\u00e4 asiakaspalveluun.\n<h3>Miten voin tehd\u00e4 valituksen?<\/h3>\nMik\u00e4li katsot, ett\u00e4 emme k\u00e4sittele henkil\u00f6tietojasi tietosuoja-asetuksen mukaisesti, voit tehd\u00e4 valituksen asiakaspalvelun v\u00e4lityksell\u00e4 (<a href=\"mailto:info@korkee.fi\">info@korkee.fi<\/a>). Tietosuojavaltuutetun toimiston yhteystiedot l\u00f6yd\u00e4t osoitteesta (<a href=\"https:\/\/tietosuoja.fi\/tietosuojavaltuutetun-toimisto\">https:\/\/tietosuoja.fi\/tietosuojavaltuutetun-toimisto<\/a>)\t\t\t\t\t\t\t\t<\/div>\n\t\t\t\t<\/div>\n\t\t\t\t\t<\/div>\n\t\t<\/div>\n\t\t\t\t\t<\/div>\n\t\t<\/section>\n\t\t\t\t<\/div>\n\t\t","protected":false},"excerpt":{"rendered":"<p>TIETOSUOJASELOSTE Tietosuojaseloste Verkkokaupan korkee.fi (j\u00e4ljemp\u00e4n\u00e4 Kauppias) k\u00e4sitelt\u00e4vien henkil\u00f6tietojen rekisterinpit\u00e4j\u00e4n\u00e4 toimii: Outdoor Entertainment Oy, y-tunnus 3295278-6, osoite c\/o Kummelipolku 5 A, 02330 Espoo, puhelin +358505188075 ja s\u00e4hk\u00f6postiosoite info@korkee.fi. Mit\u00e4 tietoja minusta voidaan ker\u00e4t\u00e4? nimi yhteystiedot ja s\u00e4hk\u00f6postiosoite maksutiedot ja toimitusosoite pankkitilin numero ostoshistoria, mm. tilatut tuotteet ja niiden hintatiedot asiakastiedot muut asiakastutkimuksiin ja\/tai tarjouksiin liittyv\u00e4t tiedot&#8230;<\/p>\n","protected":false},"author":1,"featured_media":0,"parent":0,"menu_order":0,"comment_status":"closed","ping_status":"closed","template":"elementor_header_footer","meta":{"_acf_changed":false,"_mo_disable_npp":"","_kad_post_transparent":"default","_kad_post_title":"hide","_kad_post_layout":"fullwidth","_kad_post_sidebar_id":"","_kad_post_content_style":"unboxed","_kad_post_vertical_padding":"hide","_kad_post_feature":"hide","_kad_post_feature_position":"","_kad_post_header":false,"_kad_post_footer":false,"_kad_post_classname":"","footnotes":""},"class_list":["post-3988","page","type-page","status-publish","hentry"],"acf":[],"aioseo_notices":[],"_links":{"self":[{"href":"https:\/\/korkee.fi\/fi\/wp-json\/wp\/v2\/pages\/3988","targetHints":{"allow":["GET"]}}],"collection":[{"href":"https:\/\/korkee.fi\/fi\/wp-json\/wp\/v2\/pages"}],"about":[{"href":"https:\/\/korkee.fi\/fi\/wp-json\/wp\/v2\/types\/page"}],"author":[{"embeddable":true,"href":"https:\/\/korkee.fi\/fi\/wp-json\/wp\/v2\/users\/1"}],"replies":[{"embeddable":true,"href":"https:\/\/korkee.fi\/fi\/wp-json\/wp\/v2\/comments?post=3988"}],"version-history":[{"count":4,"href":"https:\/\/korkee.fi\/fi\/wp-json\/wp\/v2\/pages\/3988\/revisions"}],"predecessor-version":[{"id":3996,"href":"https:\/\/korkee.fi\/fi\/wp-json\/wp\/v2\/pages\/3988\/revisions\/3996"}],"wp:attachment":[{"href":"https:\/\/korkee.fi\/fi\/wp-json\/wp\/v2\/media?parent=3988"}],"curies":[{"name":"wp","href":"https:\/\/api.w.org\/{rel}","templated":true}]}}