{"id":3978,"date":"2023-05-31T10:54:01","date_gmt":"2023-05-31T08:54:01","guid":{"rendered":"https:\/\/korkee.fi\/?page_id=3978"},"modified":"2023-05-31T11:05:24","modified_gmt":"2023-05-31T09:05:24","slug":"rekisteriseloste","status":"publish","type":"page","link":"https:\/\/korkee.fi\/fi\/rekisteriseloste\/","title":{"rendered":"Rekisteriseloste"},"content":{"rendered":"\t\t<div data-elementor-type=\"wp-page\" data-elementor-id=\"3978\" class=\"elementor elementor-3978\" data-elementor-post-type=\"page\">\n\t\t\t\t\t\t<section class=\"elementor-section elementor-top-section elementor-element elementor-element-13ee3bf elementor-section-full_width elementor-section-height-min-height elementor-section-height-default elementor-section-items-middle\" data-id=\"13ee3bf\" data-element_type=\"section\" data-e-type=\"section\" data-settings=\"{&quot;background_background&quot;:&quot;classic&quot;}\">\n\t\t\t\t\t\t\t<div class=\"elementor-background-overlay\"><\/div>\n\t\t\t\t\t\t\t<div class=\"elementor-container elementor-column-gap-no\">\n\t\t\t\t\t<div class=\"elementor-column elementor-col-100 elementor-top-column elementor-element elementor-element-09286bf\" data-id=\"09286bf\" data-element_type=\"column\" data-e-type=\"column\">\n\t\t\t<div class=\"elementor-widget-wrap elementor-element-populated\">\n\t\t\t\t\t\t<div class=\"elementor-element elementor-element-dfa0d38 elementor-widget elementor-widget-heading\" data-id=\"dfa0d38\" data-element_type=\"widget\" data-e-type=\"widget\" data-widget_type=\"heading.default\">\n\t\t\t\t<div class=\"elementor-widget-container\">\n\t\t\t\t\t<h2 class=\"elementor-heading-title elementor-size-default\">REKISTERISELOSTE<\/h2>\t\t\t\t<\/div>\n\t\t\t\t<\/div>\n\t\t\t\t\t<\/div>\n\t\t<\/div>\n\t\t\t\t\t<\/div>\n\t\t<\/section>\n\t\t\t\t<section class=\"elementor-section elementor-top-section elementor-element elementor-element-f935d60 elementor-section-full_width elementor-section-content-bottom elementor-section-stretched elementor-section-height-default elementor-section-height-default\" data-id=\"f935d60\" data-element_type=\"section\" data-e-type=\"section\" data-settings=\"{&quot;background_background&quot;:&quot;classic&quot;,&quot;stretch_section&quot;:&quot;section-stretched&quot;}\">\n\t\t\t\t\t\t<div class=\"elementor-container elementor-column-gap-default\">\n\t\t\t\t\t<div class=\"elementor-column elementor-col-100 elementor-top-column elementor-element elementor-element-9e5d59f\" data-id=\"9e5d59f\" data-element_type=\"column\" data-e-type=\"column\">\n\t\t\t<div class=\"elementor-widget-wrap elementor-element-populated\">\n\t\t\t\t\t\t<div class=\"elementor-element elementor-element-48e8665 elementor-widget elementor-widget-image\" data-id=\"48e8665\" data-element_type=\"widget\" data-e-type=\"widget\" data-widget_type=\"image.default\">\n\t\t\t\t<div class=\"elementor-widget-container\">\n\t\t\t\t\t\t\t\t\t\t\t\t\t\t\t<img fetchpriority=\"high\" decoding=\"async\" width=\"1919\" height=\"145\" src=\"https:\/\/korkee.fi\/wp-content\/uploads\/2023\/02\/img8.png\" class=\"attachment-full size-full wp-image-68\" alt=\"\" srcset=\"https:\/\/korkee.fi\/wp-content\/uploads\/2023\/02\/img8.png 1919w, https:\/\/korkee.fi\/wp-content\/uploads\/2023\/02\/img8-300x23.png 300w, https:\/\/korkee.fi\/wp-content\/uploads\/2023\/02\/img8-1024x77.png 1024w, https:\/\/korkee.fi\/wp-content\/uploads\/2023\/02\/img8-768x58.png 768w, https:\/\/korkee.fi\/wp-content\/uploads\/2023\/02\/img8-1536x116.png 1536w, https:\/\/korkee.fi\/wp-content\/uploads\/2023\/02\/img8-600x45.png 600w\" sizes=\"(max-width: 1919px) 100vw, 1919px\" \/>\t\t\t\t\t\t\t\t\t\t\t\t\t\t\t<\/div>\n\t\t\t\t<\/div>\n\t\t\t\t\t<\/div>\n\t\t<\/div>\n\t\t\t\t\t<\/div>\n\t\t<\/section>\n\t\t\t\t<section class=\"elementor-section elementor-top-section elementor-element elementor-element-f225fbd elementor-section-boxed elementor-section-height-default elementor-section-height-default\" data-id=\"f225fbd\" data-element_type=\"section\" data-e-type=\"section\">\n\t\t\t\t\t\t<div class=\"elementor-container elementor-column-gap-default\">\n\t\t\t\t\t<div class=\"elementor-column elementor-col-100 elementor-top-column elementor-element elementor-element-0319d4c\" data-id=\"0319d4c\" data-element_type=\"column\" data-e-type=\"column\">\n\t\t\t<div class=\"elementor-widget-wrap elementor-element-populated\">\n\t\t\t\t\t\t<div class=\"elementor-element elementor-element-d86eba5 elementor-widget elementor-widget-text-editor\" data-id=\"d86eba5\" data-element_type=\"widget\" data-e-type=\"widget\" data-widget_type=\"text-editor.default\">\n\t\t\t\t<div class=\"elementor-widget-container\">\n\t\t\t\t\t\t\t\t\t<h3 style=\"text-align: left;\">1. Rekisterinpit&auml;j&auml;<\/h3><p style=\"text-align: left;\">Outdoor Entertainment Oy, c\/o Kummelipolku 5a, 02330 Espoo<\/p><h3 style=\"text-align: left;\">2. Rekisteriasioista vastaava henkil&ouml; ja\/tai yhteyshenkil&ouml;<\/h3><p style=\"text-align: left;\">Aleksi Mattila (aleksi@korkee.fi)<\/p><h3 style=\"text-align: left;\">3. Rekisterin nimi<\/h3><p style=\"text-align: left;\">Outdoor Entertainment Oy:n asiakasrekisteri.<\/p><h3 style=\"text-align: left;\">4. Henkil&ouml;tietojen k&auml;sittelyn tarkoitus<\/h3><p style=\"text-align: left;\">Rekisteritietojen k&auml;ytt&ouml;tarkoitus on Outdoor Entertainment Oy:n ja asiakkaan v&auml;lisen suhteen hoito ja yll&auml;pito. Rekisteriin tallennettuja henkil&ouml;tietoja k&auml;ytet&auml;&auml;n verkkokaupan tilausten k&auml;sittelyyn, tiedottamiseen, markkinointiin, asiakassuhteiden ja yhteydenottojen hoitamiseen sek&auml; muihin asiakassuhteen yll&auml;pitoon liittyviin tarkoituksiin. Rekisterin tietoja k&auml;ytet&auml;&auml;n Outdoor Entertainment Oy:n sek&auml; sen sisaryhti&ouml;iden omaan suoramarkkinointiin, jollei asiakas ole suoramarkkinointia kielt&auml;nyt.<\/p><h3 style=\"text-align: left;\">5. Rekisterin tietosis&auml;lt&ouml;<\/h3><p style=\"text-align: left;\">Rekisteri sis&auml;lt&auml;&auml; seuraavan ryhmittelyn mukaiset tiedot asiakkaista:<\/p><p style=\"text-align: left;\">Nimi, syntym&auml;aika, osoite, puhelinnumero, s&auml;hk&ouml;postiosoite. Tiedot asiakkaiden tilauksista.<\/p><h3 style=\"text-align: left;\">6. S&auml;&auml;nn&ouml;nmukaiset tietol&auml;hteet<\/h3><p style=\"text-align: left;\">Tietol&auml;hteen&auml; ovat asiakkaan verkkolomakkeella antamat tiedot asiakkaaksi rekister&ouml;itymisen yhteydess&auml;, sek&auml; asiakassuhteen kest&auml;ess&auml; asiakkaalta ker&auml;tt&auml;v&auml;t tiedot. Henkil&ouml;tietojen p&auml;ivitt&auml;miseen saatetaan k&auml;ytt&auml;&auml; v&auml;est&ouml;rekisteri&auml; tai muita rekistereit&auml;.<\/p><h3 style=\"text-align: left;\">7. S&auml;&auml;nn&ouml;nmukaiset tietojen luovutukset<\/h3><p style=\"text-align: left;\">S&auml;hk&ouml;postitiedot voidaan luovuttaa kolmannelle osapuolelle Outdoor Entertainment Oy:n oman uutiskirjeen l&auml;hett&auml;mist&auml; varten. Tietoja ei luovuteta kolmannelle osapuolelle muuta tarkoitusta varten.<\/p><h3 style=\"text-align: left;\">8. S&auml;&auml;nn&ouml;nmukaiset tietojen luovutukset ja tietojen siirto EU:n tai Euroopan talousalueen ulkopuolelle<\/h3><p style=\"text-align: left;\">Tietoja ei luovuteta EU:hun tai Euroopan ulkopuolelle.<\/p><h3 style=\"text-align: left;\">9. Rekisterin suojauksen periaatteet<\/h3><p style=\"text-align: left;\">Tiedot on tallennettu Outdoor Entertainment Oy:n tietoj&auml;rjestelm&auml;&auml;n. Rekisteriin p&auml;&auml;sev&auml;t ainoastaan Outdoor Entertainment Oy:n nime&auml;m&auml;t henkil&ouml;t henkil&ouml;kohtaisilla tunnuksillaan. Rekisterin tietoja k&auml;sittelev&auml;t henkil&ouml;t ovat salassapitovelvollisuuden alaisia.<\/p><h3 style=\"text-align: left;\">10. Ev&auml;steet<\/h3><p style=\"text-align: left;\">K&auml;yt&auml;mme ev&auml;steit&auml; (cookies) Seikkailupuisto Korkeessan internetsivulla ja verkkokaupassa. Ev&auml;ste on pieni tekstitiedosto, jonka verkkosivu tallentaa tietokoneelle, tabletille tai matkapuhelimelle k&auml;ydess&auml;si sivulla. K&auml;yt&auml;mme ev&auml;steit&auml; sivuston k&auml;yt&ouml;n analysointiin, mainonnan kohdentamiseen ja mainonnan toimivuuden seuraamiseen digitaalisissa medioissa esim. hakukoneissa. Ev&auml;steet eiv&auml;t sis&auml;ll&auml; henkil&ouml;tietoja. Ev&auml;steit&auml; ei luovuteta tai myyd&auml; kolmannelle osapuolelle.<\/p><p style=\"text-align: left;\">K&auml;ytt&auml;m&auml;ll&auml; Seikkailupuisto Korkeessan verkkosivustoa hyv&auml;ksyt ev&auml;steiden edell&auml; kuvatun k&auml;yt&ouml;n. Voit v&auml;ltt&auml;&auml; ev&auml;steiden k&auml;yt&ouml;n muokkaamalla selainohjelmasi asetuksia ja kielt&auml;m&auml;ll&auml; niiden k&auml;yt&ouml;n. K&auml;ytt&auml;m&auml;ll&auml; sivustoa hyv&auml;ksyt my&ouml;s sen, ett&auml; joidenkin palveluiden osalta ev&auml;steiden k&auml;yt&ouml;n est&auml;minen saattaa kuitenkin vaikuttaa palvelun toiminnallisuuteen.<\/p>\n\t\t\t\t\t\t\t\t<\/div>\n\t\t\t\t<\/div>\n\t\t\t\t\t<\/div>\n\t\t<\/div>\n\t\t\t\t\t<\/div>\n\t\t<\/section>\n\t\t\t\t<\/div>\n\t\t","protected":false},"excerpt":{"rendered":"<p>REKISTERISELOSTE 1. Rekisterinpit\u00e4j\u00e4 Outdoor Entertainment Oy, c\/o Kummelipolku 5a, 02330 Espoo 2. Rekisteriasioista vastaava henkil\u00f6 ja\/tai yhteyshenkil\u00f6 Aleksi Mattila (aleksi@korkee.fi) 3. Rekisterin nimi Outdoor Entertainment Oy:n asiakasrekisteri. 4. Henkil\u00f6tietojen k\u00e4sittelyn tarkoitus Rekisteritietojen k\u00e4ytt\u00f6tarkoitus on Outdoor Entertainment Oy:n ja asiakkaan v\u00e4lisen suhteen hoito ja yll\u00e4pito. Rekisteriin tallennettuja henkil\u00f6tietoja k\u00e4ytet\u00e4\u00e4n verkkokaupan tilausten k\u00e4sittelyyn, tiedottamiseen, markkinointiin, asiakassuhteiden ja&#8230;<\/p>\n","protected":false},"author":1,"featured_media":0,"parent":0,"menu_order":0,"comment_status":"closed","ping_status":"closed","template":"elementor_header_footer","meta":{"_acf_changed":false,"_mo_disable_npp":"","_kad_post_transparent":"default","_kad_post_title":"hide","_kad_post_layout":"fullwidth","_kad_post_sidebar_id":"","_kad_post_content_style":"unboxed","_kad_post_vertical_padding":"hide","_kad_post_feature":"hide","_kad_post_feature_position":"","_kad_post_header":false,"_kad_post_footer":false,"_kad_post_classname":"","footnotes":""},"class_list":["post-3978","page","type-page","status-publish","hentry"],"acf":[],"aioseo_notices":[],"_links":{"self":[{"href":"https:\/\/korkee.fi\/fi\/wp-json\/wp\/v2\/pages\/3978","targetHints":{"allow":["GET"]}}],"collection":[{"href":"https:\/\/korkee.fi\/fi\/wp-json\/wp\/v2\/pages"}],"about":[{"href":"https:\/\/korkee.fi\/fi\/wp-json\/wp\/v2\/types\/page"}],"author":[{"embeddable":true,"href":"https:\/\/korkee.fi\/fi\/wp-json\/wp\/v2\/users\/1"}],"replies":[{"embeddable":true,"href":"https:\/\/korkee.fi\/fi\/wp-json\/wp\/v2\/comments?post=3978"}],"version-history":[{"count":8,"href":"https:\/\/korkee.fi\/fi\/wp-json\/wp\/v2\/pages\/3978\/revisions"}],"predecessor-version":[{"id":3986,"href":"https:\/\/korkee.fi\/fi\/wp-json\/wp\/v2\/pages\/3978\/revisions\/3986"}],"wp:attachment":[{"href":"https:\/\/korkee.fi\/fi\/wp-json\/wp\/v2\/media?parent=3978"}],"curies":[{"name":"wp","href":"https:\/\/api.w.org\/{rel}","templated":true}]}}