{"id":2634,"date":"2023-03-13T13:44:53","date_gmt":"2023-03-13T13:44:53","guid":{"rendered":"https:\/\/korkee.fi\/?page_id=2634"},"modified":"2026-03-18T14:18:44","modified_gmt":"2026-03-18T12:18:44","slug":"aukioloajat","status":"publish","type":"page","link":"https:\/\/korkee.fi\/fi\/aukioloajat\/","title":{"rendered":"Aukioloajat"},"content":{"rendered":"\t\t<div data-elementor-type=\"wp-page\" data-elementor-id=\"2634\" class=\"elementor elementor-2634\" data-elementor-post-type=\"page\">\n\t\t\t\t\t\t<section class=\"elementor-section elementor-top-section elementor-element elementor-element-8540522 elementor-section-boxed elementor-section-height-default elementor-section-height-default\" data-id=\"8540522\" data-element_type=\"section\" data-e-type=\"section\">\n\t\t\t\t\t\t<div class=\"elementor-container elementor-column-gap-default\">\n\t\t\t\t\t<div class=\"elementor-column elementor-col-100 elementor-top-column elementor-element elementor-element-7fbe008\" data-id=\"7fbe008\" data-element_type=\"column\" data-e-type=\"column\">\n\t\t\t<div class=\"elementor-widget-wrap elementor-element-populated\">\n\t\t\t\t\t\t<div class=\"elementor-element elementor-element-b22d57b elementor-widget elementor-widget-heading\" data-id=\"b22d57b\" data-element_type=\"widget\" data-e-type=\"widget\" data-widget_type=\"heading.default\">\n\t\t\t\t<div class=\"elementor-widget-container\">\n\t\t\t\t\t<h2 class=\"elementor-heading-title elementor-size-default\">AUKIOLOAJAT<\/h2>\t\t\t\t<\/div>\n\t\t\t\t<\/div>\n\t\t\t\t<div class=\"elementor-element elementor-element-5988177 elementor-widget elementor-widget-text-editor\" data-id=\"5988177\" data-element_type=\"widget\" data-e-type=\"widget\" data-widget_type=\"text-editor.default\">\n\t\t\t\t<div class=\"elementor-widget-container\">\n\t\t\t\t\t\t\t\t\t<p>T\u00e4\u00e4lt\u00e4 l\u00f6yd\u00e4t Korkeen aukioloajat kaudelle 2026. Pid\u00e4t\u00e4mme oikeudet muutoksiin.<\/p><p>Otamme ryhmi\u00e4 vastaan my\u00f6s normaalien aukioloaikojen ulkopuolella ennakkovarauksella. Ota yhteytt\u00e4 ja kysy tarjousta jos et l\u00f6yd\u00e4 sopivaa kokonaisuutta. Puiston aukioloaikoina sinun ei tarvitse varata etuk\u00e4teen, voit hyvin ostaa lipun paikan p\u00e4\u00e4lt\u00e4.<\/p><p><strong>HUOM:<\/strong>\u00a0lipunmyynti sulkeutuu tuntia ennen puiston sulkemista. Ryhdymme sulkemaan ratoja noin 45 minuuttia ennen puiston sulkemista.<\/p>\t\t\t\t\t\t\t\t<\/div>\n\t\t\t\t<\/div>\n\t\t\t\t\t<\/div>\n\t\t<\/div>\n\t\t\t\t\t<\/div>\n\t\t<\/section>\n\t\t\t\t<section class=\"elementor-section elementor-top-section elementor-element elementor-element-9dc3f62 elementor-section-boxed elementor-section-height-default elementor-section-height-default\" data-id=\"9dc3f62\" data-element_type=\"section\" data-e-type=\"section\">\n\t\t\t\t\t\t<div class=\"elementor-container elementor-column-gap-default\">\n\t\t\t\t\t<div class=\"elementor-column elementor-col-100 elementor-top-column elementor-element elementor-element-426065a\" data-id=\"426065a\" data-element_type=\"column\" data-e-type=\"column\">\n\t\t\t<div class=\"elementor-widget-wrap elementor-element-populated\">\n\t\t\t\t\t\t<div class=\"elementor-element elementor-element-832f91c elementor-widget elementor-widget-heading\" data-id=\"832f91c\" data-element_type=\"widget\" data-e-type=\"widget\" data-widget_type=\"heading.default\">\n\t\t\t\t<div class=\"elementor-widget-container\">\n\t\t\t\t\t<h2 class=\"elementor-heading-title elementor-size-default\">Maaliskuu<\/h2>\t\t\t\t<\/div>\n\t\t\t\t<\/div>\n\t\t\t\t<div class=\"elementor-element elementor-element-daef1e4 elementor-widget elementor-widget-text-editor\" data-id=\"daef1e4\" data-element_type=\"widget\" data-e-type=\"widget\" data-widget_type=\"text-editor.default\">\n\t\t\t\t<div class=\"elementor-widget-container\">\n\t\t\t\t\t\t\t\t\t<p>Avaamme puiston etuk\u00e4teen varanneille ryhmille. Ole hyv\u00e4 ja katso <a href=\"https:\/\/korkee.fi\/ryhmille\/\">ryhm\u00e4tuotteet -sivu<\/a> tai ota yhteytt\u00e4 l\u00e4hett\u00e4m\u00e4ll\u00e4 s\u00e4hk\u00f6postia osoitteeseen <a href=\"mailto:info@korkee.fi\">info@korkee.fi<\/a> jos sinulla on kysytt\u00e4v\u00e4\u00e4.<\/p>\t\t\t\t\t\t\t\t<\/div>\n\t\t\t\t<\/div>\n\t\t\t\t<div class=\"elementor-element elementor-element-e63c1f6 elementor-widget elementor-widget-heading\" data-id=\"e63c1f6\" data-element_type=\"widget\" data-e-type=\"widget\" data-widget_type=\"heading.default\">\n\t\t\t\t<div class=\"elementor-widget-container\">\n\t\t\t\t\t<h2 class=\"elementor-heading-title elementor-size-default\">HUHTIKUU<\/h2>\t\t\t\t<\/div>\n\t\t\t\t<\/div>\n\t\t\t\t<div class=\"elementor-element elementor-element-0741141 elementor-widget elementor-widget-text-editor\" data-id=\"0741141\" data-element_type=\"widget\" data-e-type=\"widget\" data-widget_type=\"text-editor.default\">\n\t\t\t\t<div class=\"elementor-widget-container\">\n\t\t\t\t\t\t\t\t\t<p>Avaamme puiston etuk\u00e4teen varanneille ryhmille. Ole hyv\u00e4 ja katso <a href=\"https:\/\/korkee.fi\/ryhmille\/\">ryhm\u00e4tuotteet -sivu<\/a> tai ota yhteytt\u00e4 l\u00e4hett\u00e4m\u00e4ll\u00e4 s\u00e4hk\u00f6postia osoitteeseen <a href=\"mailto:info@korkee.fi\">info@korkee.fi<\/a> jos sinulla on kysytt\u00e4v\u00e4\u00e4.<\/p>\t\t\t\t\t\t\t\t<\/div>\n\t\t\t\t<\/div>\n\t\t\t\t<div class=\"elementor-element elementor-element-273ebac elementor-widget elementor-widget-heading\" data-id=\"273ebac\" data-element_type=\"widget\" data-e-type=\"widget\" data-widget_type=\"heading.default\">\n\t\t\t\t<div class=\"elementor-widget-container\">\n\t\t\t\t\t<h2 class=\"elementor-heading-title elementor-size-default\">Toukokuu<\/h2>\t\t\t\t<\/div>\n\t\t\t\t<\/div>\n\t\t\t\t<div class=\"elementor-element elementor-element-d92a9d2 elementor-widget elementor-widget-text-editor\" data-id=\"d92a9d2\" data-element_type=\"widget\" data-e-type=\"widget\" data-widget_type=\"text-editor.default\">\n\t\t\t\t<div class=\"elementor-widget-container\">\n\t\t\t\t\t\t\t\t\t<p><b>2.5. &#8211; 31.5.2026<\/b><\/p><p>Ma &#8211; Ke: Avaamme puiston etuk\u00e4teen varanneille ryhmille. Ole hyv\u00e4 ja katso <a href=\"https:\/\/korkee.fi\/ryhmille\/\">ryhm\u00e4tuotteet -sivu<\/a> tai ota yhteytt\u00e4 l\u00e4hett\u00e4m\u00e4ll\u00e4 s\u00e4hk\u00f6postia osoitteeseen <a href=\"mailto:info@korkee.fi\">info@korkee.fi<\/a> jos sinulla on kysytt\u00e4v\u00e4\u00e4.<\/p><p><strong>Mustikkamaa<\/strong><br \/>To &#8211; Pe: 14:00 &#8211; 20:00<br \/>La: 10:00 &#8211; 18:00<br \/>Su: 12:00 &#8211; 18:00<\/p><p><strong>Palohein\u00e4<\/strong><br \/>To &#8211; Pe: 14:00 &#8211; 20:00<br \/>La: 12:00 &#8211; 18:00<br \/>Su: 12:00 &#8211; 18:00<\/p><p>Helatorstai (to 14.5.) 12:00 &#8211; 18:00<br \/>Helluntai (To 29.5.) 12:00 &#8211; 18:00<\/p>\t\t\t\t\t\t\t\t<\/div>\n\t\t\t\t<\/div>\n\t\t\t\t<div class=\"elementor-element elementor-element-fc86431 elementor-widget elementor-widget-heading\" data-id=\"fc86431\" data-element_type=\"widget\" data-e-type=\"widget\" data-widget_type=\"heading.default\">\n\t\t\t\t<div class=\"elementor-widget-container\">\n\t\t\t\t\t<h2 class=\"elementor-heading-title elementor-size-default\">Kes\u00e4kuu<\/h2>\t\t\t\t<\/div>\n\t\t\t\t<\/div>\n\t\t\t\t<div class=\"elementor-element elementor-element-514d60e elementor-widget elementor-widget-text-editor\" data-id=\"514d60e\" data-element_type=\"widget\" data-e-type=\"widget\" data-widget_type=\"text-editor.default\">\n\t\t\t\t<div class=\"elementor-widget-container\">\n\t\t\t\t\t\t\t\t\t<p><b>1.6. &#8211; 19.6.2026<\/b><\/p><p>Ma &#8211; Pe: 12:00 &#8211; 20:00<br \/><span style=\"background-color: transparent; color: var( --e-global-color-text ); font-family: var( --e-global-typography-text-font-family ), Sans-serif; font-size: var( --e-global-typography-text-font-size ); font-weight: var( --e-global-typography-text-font-weight );\">La &#8211; Su: 10:00 &#8211; 18:00<br \/><\/span><\/p><p><span style=\"background-color: transparent; color: var( --e-global-color-text ); font-family: var( --e-global-typography-text-font-family ), Sans-serif; font-size: var( --e-global-typography-text-font-size ); font-weight: var( --e-global-typography-text-font-weight );\">Juhannusaatto (20.6.) ja -p\u00e4iv\u00e4 (21.6.) suljettu.<\/span><\/p><p>Torstai 19.6. 10:00 &#8211; 18:00<br \/>Sunnuntai 22.6. 12:00 &#8211; 18:00<\/p><p><b>23.6. &#8211; 28.6.2026<\/b><\/p><p>Ma &#8211; Pe: 12:00 &#8211; 20:00<br \/><span style=\"background-color: transparent; color: var( --e-global-color-text ); font-family: var( --e-global-typography-text-font-family ), Sans-serif; font-size: var( --e-global-typography-text-font-size ); font-weight: var( --e-global-typography-text-font-weight );\">La &#8211; Su: 10:00 &#8211; 18:00<br \/><\/span><\/p>\t\t\t\t\t\t\t\t<\/div>\n\t\t\t\t<\/div>\n\t\t\t\t<div class=\"elementor-element elementor-element-1e54b16 elementor-widget elementor-widget-heading\" data-id=\"1e54b16\" data-element_type=\"widget\" data-e-type=\"widget\" data-widget_type=\"heading.default\">\n\t\t\t\t<div class=\"elementor-widget-container\">\n\t\t\t\t\t<h2 class=\"elementor-heading-title elementor-size-default\">HEIN\u00c4KUU<\/h2>\t\t\t\t<\/div>\n\t\t\t\t<\/div>\n\t\t\t\t<div class=\"elementor-element elementor-element-c353491 elementor-widget elementor-widget-text-editor\" data-id=\"c353491\" data-element_type=\"widget\" data-e-type=\"widget\" data-widget_type=\"text-editor.default\">\n\t\t\t\t<div class=\"elementor-widget-container\">\n\t\t\t\t\t\t\t\t\t<p><strong>29.6. &#8211; 2.8.<\/strong><\/p><p style=\"margin-bottom: 15px;\"><span style=\"background-color: transparent; color: var( --e-global-color-text ); font-family: var( --e-global-typography-text-font-family ), Sans-serif; font-size: var( --e-global-typography-text-font-size ); font-weight: var( --e-global-typography-text-font-weight );\"><strong>Mustikkamaa:<\/strong> <br \/><\/span><span style=\"background-color: transparent; color: var( --e-global-color-text ); font-family: var( --e-global-typography-text-font-family ), Sans-serif; font-size: var( --e-global-typography-text-font-size ); font-weight: var( --e-global-typography-text-font-weight );\">Ma &#8211; Pe: 10:00 &#8211; 20:00<br \/><\/span><span style=\"background-color: transparent; color: var( --e-global-color-text ); font-family: var( --e-global-typography-text-font-family ), Sans-serif; font-size: var( --e-global-typography-text-font-size ); font-weight: var( --e-global-typography-text-font-weight );\">La 10:00 &#8211; 19:00<br \/>Su 10:00 &#8211; 18:00<br \/><\/span><\/p><p style=\"margin-bottom: 15px;\"><strong><span style=\"background-color: transparent; color: var( --e-global-color-text ); font-family: var( --e-global-typography-text-font-family ), Sans-serif; font-size: var( --e-global-typography-text-font-size );\">PaloheIn\u00e4:<br \/><\/span><\/strong><span style=\"background-color: transparent; color: var( --e-global-color-text ); font-family: var( --e-global-typography-text-font-family ), Sans-serif; font-size: var( --e-global-typography-text-font-size ); font-weight: var( --e-global-typography-text-font-weight );\">Ma &#8211; Pe: 10:00 &#8211; 20:00<br \/><\/span><span style=\"background-color: transparent; color: var( --e-global-color-text ); font-family: var( --e-global-typography-text-font-family ), Sans-serif; font-size: var( --e-global-typography-text-font-size ); font-weight: var( --e-global-typography-text-font-weight );\">La &#8211; Su: 10:00 &#8211; 18:00<\/span><\/p>\t\t\t\t\t\t\t\t<\/div>\n\t\t\t\t<\/div>\n\t\t\t\t<div class=\"elementor-element elementor-element-02d837b elementor-widget elementor-widget-heading\" data-id=\"02d837b\" data-element_type=\"widget\" data-e-type=\"widget\" data-widget_type=\"heading.default\">\n\t\t\t\t<div class=\"elementor-widget-container\">\n\t\t\t\t\t<h2 class=\"elementor-heading-title elementor-size-default\">Elokuu<\/h2>\t\t\t\t<\/div>\n\t\t\t\t<\/div>\n\t\t\t\t<div class=\"elementor-element elementor-element-fe1f9e7 elementor-widget elementor-widget-text-editor\" data-id=\"fe1f9e7\" data-element_type=\"widget\" data-e-type=\"widget\" data-widget_type=\"text-editor.default\">\n\t\t\t\t<div class=\"elementor-widget-container\">\n\t\t\t\t\t\t\t\t\t<p><b>3.8. &#8211; 11.8.2025<\/b><\/p><p>Ma &#8211; Pe: 12:00 &#8211; 20:00<br \/>La &#8211; Su: 10:00 &#8211; 18:00<\/p><p><span style=\"background-color: transparent; color: var( --e-global-color-text ); font-family: var( --e-global-typography-text-font-family ), Sans-serif; font-size: var( --e-global-typography-text-font-size );\"><b>12.8. &#8211; 31.8.2025<\/b><\/span><\/p><p><strong>Mustikkamaa<\/strong><br \/>Ma &#8211; Pe 16:00 &#8211; 20:00<br \/>La 10:00 &#8211; 18:00<br \/>Su 12:00 &#8211; 18:00<\/p><p><strong>Palohein\u00e4<\/strong><br \/>Ma &#8211; Ke: Avaamme puiston etuk\u00e4teen varanneille ryhmille. Ole hyv\u00e4 ja katso <a href=\"https:\/\/korkee.fi\/ryhmille\/\">ryhm\u00e4tuotteet -sivu<\/a> tai ota yhteytt\u00e4 l\u00e4hett\u00e4m\u00e4ll\u00e4 s\u00e4hk\u00f6postia osoitteeseen <a href=\"mailto:info@korkee.fi\">info@korkee.fi<\/a> jos sinulla on kysytt\u00e4v\u00e4\u00e4.<\/p><p>To &#8211; Pe 16:00 &#8211; 20:00<br \/>La 10:00 &#8211; 18:00<br \/>Su 12:00 &#8211; 18:00<\/p>\t\t\t\t\t\t\t\t<\/div>\n\t\t\t\t<\/div>\n\t\t\t\t<div class=\"elementor-element elementor-element-fd1d220 elementor-widget elementor-widget-heading\" data-id=\"fd1d220\" data-element_type=\"widget\" data-e-type=\"widget\" data-widget_type=\"heading.default\">\n\t\t\t\t<div class=\"elementor-widget-container\">\n\t\t\t\t\t<h2 class=\"elementor-heading-title elementor-size-default\">Syyskuu<\/h2>\t\t\t\t<\/div>\n\t\t\t\t<\/div>\n\t\t\t\t<div class=\"elementor-element elementor-element-53e9dca elementor-widget elementor-widget-text-editor\" data-id=\"53e9dca\" data-element_type=\"widget\" data-e-type=\"widget\" data-widget_type=\"text-editor.default\">\n\t\t\t\t<div class=\"elementor-widget-container\">\n\t\t\t\t\t\t\t\t\t<p>Ma &#8211; Ke: Avaamme puiston etuk\u00e4teen varanneille ryhmille. Ole hyv\u00e4 ja katso <a href=\"https:\/\/korkee.fi\/ryhmille\/\">ryhm\u00e4tuotteet -sivu<\/a> tai ota yhteytt\u00e4 l\u00e4hett\u00e4m\u00e4ll\u00e4 s\u00e4hk\u00f6postia osoitteeseen <a href=\"mailto:info@korkee.fi\">info@korkee.fi<\/a> jos sinulla on kysytt\u00e4v\u00e4\u00e4.<\/p><p><strong>Mustikkamaa<\/strong><br \/>To &#8211; Pe: 16:00 &#8211; 20:00<br \/><span style=\"background-color: transparent; color: var( --e-global-color-text ); font-family: var( --e-global-typography-text-font-family ), Sans-serif; font-size: var( --e-global-typography-text-font-size ); font-weight: var( --e-global-typography-text-font-weight );\">La: 11:00 &#8211; 18:00<br \/><\/span><span style=\"background-color: transparent; color: var( --e-global-color-text ); font-family: var( --e-global-typography-text-font-family ), Sans-serif; font-size: var( --e-global-typography-text-font-size ); font-weight: var( --e-global-typography-text-font-weight );\">Su: 12:00 &#8211; 18:00<\/span><\/p><p><strong>Palohein\u00e4<\/strong><br \/>To &#8211; Pe: 16:00 &#8211; 21:00<br \/><span style=\"background-color: transparent; color: var( --e-global-color-text ); font-family: var( --e-global-typography-text-font-family ), Sans-serif; font-size: var( --e-global-typography-text-font-size ); font-weight: var( --e-global-typography-text-font-weight );\">La: 12:00 &#8211; 21:00<br \/><\/span><span style=\"background-color: transparent; color: var( --e-global-color-text ); font-family: var( --e-global-typography-text-font-family ), Sans-serif; font-size: var( --e-global-typography-text-font-size ); font-weight: var( --e-global-typography-text-font-weight );\">Su: 12:00 &#8211; 18:00<\/span><\/p>\t\t\t\t\t\t\t\t<\/div>\n\t\t\t\t<\/div>\n\t\t\t\t<div class=\"elementor-element elementor-element-6536359 elementor-widget elementor-widget-heading\" data-id=\"6536359\" data-element_type=\"widget\" data-e-type=\"widget\" data-widget_type=\"heading.default\">\n\t\t\t\t<div class=\"elementor-widget-container\">\n\t\t\t\t\t<h2 class=\"elementor-heading-title elementor-size-default\">Lokakuu<\/h2>\t\t\t\t<\/div>\n\t\t\t\t<\/div>\n\t\t\t\t<div class=\"elementor-element elementor-element-cf3359f elementor-widget elementor-widget-text-editor\" data-id=\"cf3359f\" data-element_type=\"widget\" data-e-type=\"widget\" data-widget_type=\"text-editor.default\">\n\t\t\t\t<div class=\"elementor-widget-container\">\n\t\t\t\t\t\t\t\t\t<p><span style=\"font-weight: bold;\">1.10. &#8211; 15.10.2025<\/span><\/p><p>Ma &#8211; Pe: Avaamme puiston etuk\u00e4teen varanneille ryhmille. Ole hyv\u00e4 ja katso <a href=\"https:\/\/korkee.fi\/ryhmille\/\">ryhm\u00e4tuotteet -sivu<\/a> tai ota yhteytt\u00e4 l\u00e4hett\u00e4m\u00e4ll\u00e4 s\u00e4hk\u00f6postia osoitteeseen <a href=\"mailto:info@korkee.fi\">info@korkee.fi<\/a> jos sinulla on kysytt\u00e4v\u00e4\u00e4.<\/p><p><span style=\"background-color: transparent; color: var( --e-global-color-text ); font-family: var( --e-global-typography-text-font-family ), Sans-serif; font-size: var( --e-global-typography-text-font-size ); font-weight: var( --e-global-typography-text-font-weight );\">La &#8211; Su: 12:00 &#8211; 18:00<\/span><\/p><p style=\"margin-bottom: 15px;\"><b>Syysloma (15.10. &#8211; 19.10.2025)<\/b><\/p><p style=\"margin-bottom: 15px;\">Ke &#8211; Su: 12:00 &#8211; 18:00<\/p><p style=\"margin-bottom: 15px;\"><b>20.10. &#8211; 31.10.2025<\/b><\/p><p>Ma &#8211; Su: Avaamme puiston etuk\u00e4teen varanneille ryhmille. Ole hyv\u00e4 ja katso <a href=\"https:\/\/korkee.fi\/ryhmille\/\">ryhm\u00e4tuotteet -sivu<\/a> tai ota yhteytt\u00e4 l\u00e4hett\u00e4m\u00e4ll\u00e4 s\u00e4hk\u00f6postia osoitteeseen <a href=\"mailto:info@korkee.fi\">info@korkee.fi<\/a> jos sinulla on kysytt\u00e4v\u00e4\u00e4.<\/p><p style=\"margin-bottom: 15px;\">\u00a0<\/p>\t\t\t\t\t\t\t\t<\/div>\n\t\t\t\t<\/div>\n\t\t\t\t<div class=\"elementor-element elementor-element-adf4e9f elementor-widget elementor-widget-heading\" data-id=\"adf4e9f\" data-element_type=\"widget\" data-e-type=\"widget\" data-widget_type=\"heading.default\">\n\t\t\t\t<div class=\"elementor-widget-container\">\n\t\t\t\t\t<h2 class=\"elementor-heading-title elementor-size-default\">Marraskuu<\/h2>\t\t\t\t<\/div>\n\t\t\t\t<\/div>\n\t\t\t\t<div class=\"elementor-element elementor-element-39201d1 elementor-widget elementor-widget-text-editor\" data-id=\"39201d1\" data-element_type=\"widget\" data-e-type=\"widget\" data-widget_type=\"text-editor.default\">\n\t\t\t\t<div class=\"elementor-widget-container\">\n\t\t\t\t\t\t\t\t\t<p><span style=\"background-color: transparent; color: var( --e-global-color-text ); font-family: var( --e-global-typography-text-font-family ), Sans-serif; font-size: var( --e-global-typography-text-font-size ); font-weight: var( --e-global-typography-text-font-weight );\">Vain ennakkovarauksella ryhmille. Ole hyv\u00e4 ja ota yhteytt\u00e4: <a href=\"mailto:info@korkee.fi\">info@korkee.fi<\/a>.<\/span><\/p>\t\t\t\t\t\t\t\t<\/div>\n\t\t\t\t<\/div>\n\t\t\t\t\t<\/div>\n\t\t<\/div>\n\t\t\t\t\t<\/div>\n\t\t<\/section>\n\t\t\t\t<\/div>\n\t\t","protected":false},"excerpt":{"rendered":"<p>AUKIOLOAJAT T\u00e4\u00e4lt\u00e4 l\u00f6yd\u00e4t Korkeen aukioloajat kaudelle 2026. Pid\u00e4t\u00e4mme oikeudet muutoksiin. Otamme ryhmi\u00e4 vastaan my\u00f6s normaalien aukioloaikojen ulkopuolella ennakkovarauksella. Ota yhteytt\u00e4 ja kysy tarjousta jos et l\u00f6yd\u00e4 sopivaa kokonaisuutta. Puiston aukioloaikoina sinun ei tarvitse varata etuk\u00e4teen, voit hyvin ostaa lipun paikan p\u00e4\u00e4lt\u00e4. HUOM:\u00a0lipunmyynti sulkeutuu tuntia ennen puiston sulkemista. Ryhdymme sulkemaan ratoja noin 45 minuuttia ennen puiston&#8230;<\/p>\n","protected":false},"author":1,"featured_media":2835,"parent":0,"menu_order":0,"comment_status":"closed","ping_status":"closed","template":"","meta":{"_acf_changed":false,"_mo_disable_npp":"","_kad_post_transparent":"default","_kad_post_title":"hide","_kad_post_layout":"fullwidth","_kad_post_sidebar_id":"","_kad_post_content_style":"unboxed","_kad_post_vertical_padding":"hide","_kad_post_feature":"hide","_kad_post_feature_position":"","_kad_post_header":false,"_kad_post_footer":false,"_kad_post_classname":"","footnotes":""},"class_list":["post-2634","page","type-page","status-publish","has-post-thumbnail","hentry"],"acf":[],"aioseo_notices":[],"_links":{"self":[{"href":"https:\/\/korkee.fi\/fi\/wp-json\/wp\/v2\/pages\/2634","targetHints":{"allow":["GET"]}}],"collection":[{"href":"https:\/\/korkee.fi\/fi\/wp-json\/wp\/v2\/pages"}],"about":[{"href":"https:\/\/korkee.fi\/fi\/wp-json\/wp\/v2\/types\/page"}],"author":[{"embeddable":true,"href":"https:\/\/korkee.fi\/fi\/wp-json\/wp\/v2\/users\/1"}],"replies":[{"embeddable":true,"href":"https:\/\/korkee.fi\/fi\/wp-json\/wp\/v2\/comments?post=2634"}],"version-history":[{"count":109,"href":"https:\/\/korkee.fi\/fi\/wp-json\/wp\/v2\/pages\/2634\/revisions"}],"predecessor-version":[{"id":7412,"href":"https:\/\/korkee.fi\/fi\/wp-json\/wp\/v2\/pages\/2634\/revisions\/7412"}],"wp:featuredmedia":[{"embeddable":true,"href":"https:\/\/korkee.fi\/fi\/wp-json\/wp\/v2\/media\/2835"}],"wp:attachment":[{"href":"https:\/\/korkee.fi\/fi\/wp-json\/wp\/v2\/media?parent=2634"}],"curies":[{"name":"wp","href":"https:\/\/api.w.org\/{rel}","templated":true}]}}