{"id":1875,"date":"2023-03-01T19:00:59","date_gmt":"2023-03-01T19:00:59","guid":{"rendered":"https:\/\/korkee.fi\/?page_id=1875"},"modified":"2026-01-14T00:37:57","modified_gmt":"2026-01-13T22:37:57","slug":"lahjakortit","status":"publish","type":"page","link":"https:\/\/korkee.fi\/fi\/lahjakortit\/","title":{"rendered":"Lahjakortit"},"content":{"rendered":"\t\t<div data-elementor-type=\"wp-page\" data-elementor-id=\"1875\" class=\"elementor elementor-1875\" data-elementor-post-type=\"page\">\n\t\t\t\t\t\t<section class=\"elementor-section elementor-top-section elementor-element elementor-element-6f56656 elementor-section-full_width elementor-section-height-min-height elementor-section-height-default elementor-section-items-middle\" data-id=\"6f56656\" data-element_type=\"section\" data-e-type=\"section\" data-settings=\"{&quot;background_background&quot;:&quot;classic&quot;}\">\n\t\t\t\t\t\t\t<div class=\"elementor-background-overlay\"><\/div>\n\t\t\t\t\t\t\t<div class=\"elementor-container elementor-column-gap-no\">\n\t\t\t\t\t<div class=\"elementor-column elementor-col-100 elementor-top-column elementor-element elementor-element-347678f\" data-id=\"347678f\" data-element_type=\"column\" data-e-type=\"column\">\n\t\t\t<div class=\"elementor-widget-wrap elementor-element-populated\">\n\t\t\t\t\t\t<div class=\"elementor-element elementor-element-7203865 elementor-widget elementor-widget-heading\" data-id=\"7203865\" data-element_type=\"widget\" data-e-type=\"widget\" data-widget_type=\"heading.default\">\n\t\t\t\t<div class=\"elementor-widget-container\">\n\t\t\t\t\t<h1 class=\"elementor-heading-title elementor-size-default\">Anna el\u00e4myksi\u00e4 lahjaksi<\/h1>\t\t\t\t<\/div>\n\t\t\t\t<\/div>\n\t\t\t\t<div class=\"elementor-element elementor-element-2be028d elementor-widget__width-initial elementor-widget-mobile__width-inherit elementor-widget elementor-widget-text-editor\" data-id=\"2be028d\" data-element_type=\"widget\" data-e-type=\"widget\" data-widget_type=\"text-editor.default\">\n\t\t\t\t<div class=\"elementor-widget-container\">\n\t\t\t\t\t\t\t\t\t<p>Hanki liput ja lahjakortit verkkokaupastamme<\/p>\n\t\t\t\t\t\t\t\t<\/div>\n\t\t\t\t<\/div>\n\t\t\t\t<div class=\"elementor-element elementor-element-3e4be70 elementor-align-center elementor-widget elementor-widget-button\" data-id=\"3e4be70\" data-element_type=\"widget\" data-e-type=\"widget\" data-widget_type=\"button.default\">\n\t\t\t\t<div class=\"elementor-widget-container\">\n\t\t\t\t\t\t\t\t\t<div class=\"elementor-button-wrapper\">\n\t\t\t\t\t<a class=\"elementor-button elementor-button-link elementor-size-sm\" href=\"https:\/\/shop.activeentertainment.fi\/korkee?utm_source=korkee&#038;utm_medium=web\">\n\t\t\t\t\t\t<span class=\"elementor-button-content-wrapper\">\n\t\t\t\t\t\t\t\t\t<span class=\"elementor-button-text\">Liput ja lahjakortit SAAT t\u00e4\u00e4lt\u00e4<\/span>\n\t\t\t\t\t<\/span>\n\t\t\t\t\t<\/a>\n\t\t\t\t<\/div>\n\t\t\t\t\t\t\t\t<\/div>\n\t\t\t\t<\/div>\n\t\t\t\t\t<\/div>\n\t\t<\/div>\n\t\t\t\t\t<\/div>\n\t\t<\/section>\n\t\t\t\t<section class=\"elementor-section elementor-top-section elementor-element elementor-element-4f6dede elementor-section-full_width elementor-section-content-bottom elementor-section-stretched elementor-section-height-default elementor-section-height-default\" data-id=\"4f6dede\" data-element_type=\"section\" data-e-type=\"section\" data-settings=\"{&quot;background_background&quot;:&quot;classic&quot;,&quot;stretch_section&quot;:&quot;section-stretched&quot;}\">\n\t\t\t\t\t\t<div class=\"elementor-container elementor-column-gap-default\">\n\t\t\t\t\t<div class=\"elementor-column elementor-col-100 elementor-top-column elementor-element elementor-element-ab80182\" data-id=\"ab80182\" data-element_type=\"column\" data-e-type=\"column\">\n\t\t\t<div class=\"elementor-widget-wrap elementor-element-populated\">\n\t\t\t\t\t\t<div class=\"elementor-element elementor-element-53103b6 elementor-widget elementor-widget-image\" data-id=\"53103b6\" data-element_type=\"widget\" data-e-type=\"widget\" data-widget_type=\"image.default\">\n\t\t\t\t<div class=\"elementor-widget-container\">\n\t\t\t\t\t\t\t\t\t\t\t\t\t\t\t<img fetchpriority=\"high\" decoding=\"async\" width=\"1919\" height=\"145\" src=\"https:\/\/korkee.fi\/wp-content\/uploads\/2023\/02\/img8.png\" class=\"attachment-full size-full wp-image-68\" alt=\"\" srcset=\"https:\/\/korkee.fi\/wp-content\/uploads\/2023\/02\/img8.png.webp 1919w, https:\/\/korkee.fi\/wp-content\/uploads\/2023\/02\/img8-300x23.png.webp 300w, https:\/\/korkee.fi\/wp-content\/uploads\/2023\/02\/img8-1024x77.png.webp 1024w, https:\/\/korkee.fi\/wp-content\/uploads\/2023\/02\/img8-768x58.png.webp 768w, https:\/\/korkee.fi\/wp-content\/uploads\/2023\/02\/img8-1536x116.png.webp 1536w, https:\/\/korkee.fi\/wp-content\/uploads\/2023\/02\/img8-600x45.png.webp 600w\" sizes=\"(max-width: 1919px) 100vw, 1919px\" title=\"img8.png - Adventure Park Korkee\" \/>\t\t\t\t\t\t\t\t\t\t\t\t\t\t\t<\/div>\n\t\t\t\t<\/div>\n\t\t\t\t\t<\/div>\n\t\t<\/div>\n\t\t\t\t\t<\/div>\n\t\t<\/section>\n\t\t\t\t<section class=\"elementor-section elementor-top-section elementor-element elementor-element-d1968b7 elementor-section-boxed elementor-section-height-default elementor-section-height-default\" data-id=\"d1968b7\" data-element_type=\"section\" data-e-type=\"section\">\n\t\t\t\t\t\t<div class=\"elementor-container elementor-column-gap-default\">\n\t\t\t\t\t<div class=\"elementor-column elementor-col-100 elementor-top-column elementor-element elementor-element-cce9497\" data-id=\"cce9497\" data-element_type=\"column\" data-e-type=\"column\">\n\t\t\t<div class=\"elementor-widget-wrap elementor-element-populated\">\n\t\t\t\t\t\t<div class=\"elementor-element elementor-element-5af3cbe elementor-widget elementor-widget-heading\" data-id=\"5af3cbe\" data-element_type=\"widget\" data-e-type=\"widget\" data-widget_type=\"heading.default\">\n\t\t\t\t<div class=\"elementor-widget-container\">\n\t\t\t\t\t<h2 class=\"elementor-heading-title elementor-size-default\">Osta liput ja lahjakortit verkkokaupastamme<\/h2>\t\t\t\t<\/div>\n\t\t\t\t<\/div>\n\t\t\t\t<div class=\"elementor-element elementor-element-6335b91 elementor-widget elementor-widget-text-editor\" data-id=\"6335b91\" data-element_type=\"widget\" data-e-type=\"widget\" data-widget_type=\"text-editor.default\">\n\t\t\t\t<div class=\"elementor-widget-container\">\n\t\t\t\t\t\t\t\t\t<p>Hanki liput ja lahjakortit Seikkailupuisto Korkeeseen verkkokaupastamme.<\/p>\n\t\t\t\t\t\t\t\t<\/div>\n\t\t\t\t<\/div>\n\t\t\t\t<div class=\"elementor-element elementor-element-a95c41a elementor-align-center elementor-widget elementor-widget-button\" data-id=\"a95c41a\" data-element_type=\"widget\" data-e-type=\"widget\" data-widget_type=\"button.default\">\n\t\t\t\t<div class=\"elementor-widget-container\">\n\t\t\t\t\t\t\t\t\t<div class=\"elementor-button-wrapper\">\n\t\t\t\t\t<a class=\"elementor-button elementor-button-link elementor-size-sm\" href=\"https:\/\/shop.activeentertainment.fi\/korkee?utm_source=korkee&#038;utm_medium=web\">\n\t\t\t\t\t\t<span class=\"elementor-button-content-wrapper\">\n\t\t\t\t\t\t\t\t\t<span class=\"elementor-button-text\">Liput ja lahjakortit SAAT t\u00e4\u00e4lt\u00e4<\/span>\n\t\t\t\t\t<\/span>\n\t\t\t\t\t<\/a>\n\t\t\t\t<\/div>\n\t\t\t\t\t\t\t\t<\/div>\n\t\t\t\t<\/div>\n\t\t\t\t\t<\/div>\n\t\t<\/div>\n\t\t\t\t\t<\/div>\n\t\t<\/section>\n\t\t\t\t<\/div>\n\t\t","protected":false},"excerpt":{"rendered":"<p>Give THE gift OF adventure Purchase tickets and gift cards easily from our web shop. GET YOUR TICKETS AND GIFT CARDS HERE Purchase tickets AND gift cards ONLINE Get tickets and gift cards to Adventure park Korkee from our web shop. GET YOUR TICKETS AND GIFT CARDS HERE<\/p>\n","protected":false},"author":1,"featured_media":2835,"parent":0,"menu_order":0,"comment_status":"closed","ping_status":"closed","template":"elementor_header_footer","meta":{"_acf_changed":false,"_mo_disable_npp":"","_kad_post_transparent":"default","_kad_post_title":"hide","_kad_post_layout":"fullwidth","_kad_post_sidebar_id":"","_kad_post_content_style":"unboxed","_kad_post_vertical_padding":"hide","_kad_post_feature":"hide","_kad_post_feature_position":"","_kad_post_header":false,"_kad_post_footer":false,"_kad_post_classname":"","footnotes":""},"class_list":["post-1875","page","type-page","status-publish","has-post-thumbnail","hentry"],"acf":[],"aioseo_notices":[],"_links":{"self":[{"href":"https:\/\/korkee.fi\/fi\/wp-json\/wp\/v2\/pages\/1875","targetHints":{"allow":["GET"]}}],"collection":[{"href":"https:\/\/korkee.fi\/fi\/wp-json\/wp\/v2\/pages"}],"about":[{"href":"https:\/\/korkee.fi\/fi\/wp-json\/wp\/v2\/types\/page"}],"author":[{"embeddable":true,"href":"https:\/\/korkee.fi\/fi\/wp-json\/wp\/v2\/users\/1"}],"replies":[{"embeddable":true,"href":"https:\/\/korkee.fi\/fi\/wp-json\/wp\/v2\/comments?post=1875"}],"version-history":[{"count":100,"href":"https:\/\/korkee.fi\/fi\/wp-json\/wp\/v2\/pages\/1875\/revisions"}],"predecessor-version":[{"id":6998,"href":"https:\/\/korkee.fi\/fi\/wp-json\/wp\/v2\/pages\/1875\/revisions\/6998"}],"wp:featuredmedia":[{"embeddable":true,"href":"https:\/\/korkee.fi\/fi\/wp-json\/wp\/v2\/media\/2835"}],"wp:attachment":[{"href":"https:\/\/korkee.fi\/fi\/wp-json\/wp\/v2\/media?parent=1875"}],"curies":[{"name":"wp","href":"https:\/\/api.w.org\/{rel}","templated":true}]}}