{"id":3978,"date":"2023-05-31T10:54:01","date_gmt":"2023-05-31T08:54:01","guid":{"rendered":"https:\/\/korkee.fi\/?page_id=3978"},"modified":"2023-05-31T11:05:24","modified_gmt":"2023-05-31T09:05:24","slug":"register-description","status":"publish","type":"page","link":"https:\/\/korkee.fi\/en\/rekisteriseloste\/","title":{"rendered":"Register Description"},"content":{"rendered":"<div data-elementor-type=\"wp-page\" data-elementor-id=\"3978\" class=\"elementor elementor-3978\" data-elementor-post-type=\"page\">\n\t\t\t\t\t\t<section class=\"elementor-section elementor-top-section elementor-element elementor-element-13ee3bf elementor-section-full_width elementor-section-height-min-height elementor-section-height-default elementor-section-items-middle\" data-id=\"13ee3bf\" data-element_type=\"section\" data-e-type=\"section\" data-settings=\"{&quot;background_background&quot;:&quot;classic&quot;}\">\n\t\t\t\t\t\t\t<div class=\"elementor-background-overlay\"><\/div>\n\t\t\t\t\t\t\t<div class=\"elementor-container elementor-column-gap-no\">\n\t\t\t\t\t<div class=\"elementor-column elementor-col-100 elementor-top-column elementor-element elementor-element-09286bf\" data-id=\"09286bf\" data-element_type=\"column\" data-e-type=\"column\">\n\t\t\t<div class=\"elementor-widget-wrap elementor-element-populated\">\n\t\t\t\t\t\t<div class=\"elementor-element elementor-element-dfa0d38 elementor-widget elementor-widget-heading\" data-id=\"dfa0d38\" data-element_type=\"widget\" data-e-type=\"widget\" data-widget_type=\"heading.default\">\n\t\t\t\t<div class=\"elementor-widget-container\">\n\t\t\t\t\t<h2 class=\"elementor-heading-title elementor-size-default\">REGISTER DESCRIPTION<\/h2>\t\t\t\t<\/div>\n\t\t\t\t<\/div>\n\t\t\t\t\t<\/div>\n\t\t<\/div>\n\t\t\t\t\t<\/div>\n\t\t<\/section>\n\t\t\t\t<section class=\"elementor-section elementor-top-section elementor-element elementor-element-f935d60 elementor-section-full_width elementor-section-content-bottom elementor-section-stretched elementor-section-height-default elementor-section-height-default\" data-id=\"f935d60\" data-element_type=\"section\" data-e-type=\"section\" data-settings=\"{&quot;background_background&quot;:&quot;classic&quot;,&quot;stretch_section&quot;:&quot;section-stretched&quot;}\">\n\t\t\t\t\t\t<div class=\"elementor-container elementor-column-gap-default\">\n\t\t\t\t\t<div class=\"elementor-column elementor-col-100 elementor-top-column elementor-element elementor-element-9e5d59f\" data-id=\"9e5d59f\" data-element_type=\"column\" data-e-type=\"column\">\n\t\t\t<div class=\"elementor-widget-wrap elementor-element-populated\">\n\t\t\t\t\t\t<div class=\"elementor-element elementor-element-48e8665 elementor-widget elementor-widget-image\" data-id=\"48e8665\" data-element_type=\"widget\" data-e-type=\"widget\" data-widget_type=\"image.default\">\n\t\t\t\t<div class=\"elementor-widget-container\">\n\t\t\t\t\t\t\t\t\t\t\t\t\t\t\t<img fetchpriority=\"high\" decoding=\"async\" width=\"1919\" height=\"145\" src=\"https:\/\/korkee.fi\/wp-content\/uploads\/2023\/02\/img8.png\" class=\"attachment-full size-full wp-image-68\" alt=\"\" srcset=\"https:\/\/korkee.fi\/wp-content\/uploads\/2023\/02\/img8.png 1919w, https:\/\/korkee.fi\/wp-content\/uploads\/2023\/02\/img8-300x23.png 300w, https:\/\/korkee.fi\/wp-content\/uploads\/2023\/02\/img8-1024x77.png 1024w, https:\/\/korkee.fi\/wp-content\/uploads\/2023\/02\/img8-768x58.png 768w, https:\/\/korkee.fi\/wp-content\/uploads\/2023\/02\/img8-1536x116.png 1536w, https:\/\/korkee.fi\/wp-content\/uploads\/2023\/02\/img8-600x45.png 600w\" sizes=\"(max-width: 1919px) 100vw, 1919px\" \/>\t\t\t\t\t\t\t\t\t\t\t\t\t\t\t<\/div>\n\t\t\t\t<\/div>\n\t\t\t\t\t<\/div>\n\t\t<\/div>\n\t\t\t\t\t<\/div>\n\t\t<\/section>\n\t\t\t\t<section class=\"elementor-section elementor-top-section elementor-element elementor-element-f225fbd elementor-section-boxed elementor-section-height-default elementor-section-height-default\" data-id=\"f225fbd\" data-element_type=\"section\" data-e-type=\"section\">\n\t\t\t\t\t\t<div class=\"elementor-container elementor-column-gap-default\">\n\t\t\t\t\t<div class=\"elementor-column elementor-col-100 elementor-top-column elementor-element elementor-element-0319d4c\" data-id=\"0319d4c\" data-element_type=\"column\" data-e-type=\"column\">\n\t\t\t<div class=\"elementor-widget-wrap elementor-element-populated\">\n\t\t\t\t\t\t<div class=\"elementor-element elementor-element-d86eba5 elementor-widget elementor-widget-text-editor\" data-id=\"d86eba5\" data-element_type=\"widget\" data-e-type=\"widget\" data-widget_type=\"text-editor.default\">\n\t\t\t\t<div class=\"elementor-widget-container\">\n\t\t\t\t\t\t\t\t\t<h3 style=\"text-align: left;\">1. The controller<\/h3><p style=\"text-align: left;\">Outdoor Entertainment Oy, c\/o Kummelipolku 5a, 02330 Espoo, Finland<\/p><h3 style=\"text-align: left;\">2. Person responsible for the file and\/or contact person<\/h3><p style=\"text-align: left;\">Aleksi Mattila (aleksi@korkee.fi)<\/p><h3 style=\"text-align: left;\">3. Name of the register<\/h3><p style=\"text-align: left;\">Outdoor Entertainment Oy's customer register.<\/p><h3 style=\"text-align: left;\">4. Purpose of processing personal data<\/h3><p style=\"text-align: left;\">The purpose of using the register data is to manage and maintain the relationship between Outdoor Entertainment Oy and the customer. The personal data stored in the register is used for processing orders in the online store, information, marketing, customer relations and contacts, and other purposes related to maintaining the customer relationship. The data in the register is used for Outdoor Entertainment Oy and its sister companies' own direct marketing, unless the customer has prohibited direct marketing.<\/p><h3 style=\"text-align: left;\">5. Data content of the register<\/h3><p style=\"text-align: left;\">The register contains information on customers according to the following categories:<\/p><p style=\"text-align: left;\">Name, date of birth, address, telephone number, e-mail address. Details of customer orders.<\/p><h3 style=\"text-align: left;\">6. Regular sources of information<\/h3><p style=\"text-align: left;\">The data source is the information provided by the customer in the online form when registering as a customer, as well as the information collected from the customer during the customer relationship. Population registers or other registers may be used to update personal data.<\/p><h3 style=\"text-align: left;\">7. Regular disclosures of data<\/h3><p style=\"text-align: left;\">Email data may be disclosed to a third party for the purpose of sending Outdoor Entertainment Oy's own newsletter. The information will not be disclosed to a third party for any other purpose.<\/p><h3 style=\"text-align: left;\">8. Regular disclosures and transfers of data outside the EU or the European Economic Area<\/h3><p style=\"text-align: left;\">The data will not be transferred to the EU or outside Europe.<\/p><h3 style=\"text-align: left;\">9. Principles of register protection<\/h3><p style=\"text-align: left;\">The information is stored in Outdoor Entertainment Oy's information system. Only persons designated by Outdoor Entertainment Oy have access to the register with their personal IDs. The persons who process the data in the register are bound by confidentiality.<\/p><h3 style=\"text-align: left;\">10. Cookies<\/h3><p style=\"text-align: left;\">We use cookies on the Seikkailupuisto Korkeessa website and online store. A cookie is a small text file that a website stores on your computer, tablet or mobile phone when you visit the site. We use cookies to analyse the use of the website, to target advertising and to monitor the effectiveness of advertising in digital media such as search engines. Cookies do not contain any personal data. Cookies are not transferred or sold to third parties.<\/p><p style=\"text-align: left;\">By using the Adventure Park Korkeessa website, you agree to the use of cookies as described above. You can avoid the use of cookies by modifying the settings of your browser program and disabling their use. By using the website, you also accept that for some services, however, disabling the use of cookies may affect the functionality of the service.<\/p>\n\t\t\t\t\t\t\t\t<\/div>\n\t\t\t\t<\/div>\n\t\t\t\t\t<\/div>\n\t\t<\/div>\n\t\t\t\t\t<\/div>\n\t\t<\/section>\n\t\t\t\t<\/div>","protected":false},"excerpt":{"rendered":"<p>REKISTERISELOSTE 1. Rekisterinpit\u00e4j\u00e4 Outdoor Entertainment Oy, c\/o Kummelipolku 5a, 02330 Espoo 2. Rekisteriasioista vastaava henkil\u00f6 ja\/tai yhteyshenkil\u00f6 Aleksi Mattila (aleksi@korkee.fi) 3. Rekisterin nimi Outdoor Entertainment Oy:n asiakasrekisteri. 4. Henkil\u00f6tietojen k\u00e4sittelyn tarkoitus Rekisteritietojen k\u00e4ytt\u00f6tarkoitus on Outdoor Entertainment Oy:n ja asiakkaan v\u00e4lisen suhteen hoito ja yll\u00e4pito. Rekisteriin tallennettuja henkil\u00f6tietoja k\u00e4ytet\u00e4\u00e4n verkkokaupan tilausten k\u00e4sittelyyn, tiedottamiseen, markkinointiin, asiakassuhteiden ja&#8230;<\/p>","protected":false},"author":1,"featured_media":0,"parent":0,"menu_order":0,"comment_status":"closed","ping_status":"closed","template":"elementor_header_footer","meta":{"_acf_changed":false,"_mo_disable_npp":"","_kad_post_transparent":"default","_kad_post_title":"hide","_kad_post_layout":"fullwidth","_kad_post_sidebar_id":"","_kad_post_content_style":"unboxed","_kad_post_vertical_padding":"hide","_kad_post_feature":"hide","_kad_post_feature_position":"","_kad_post_header":false,"_kad_post_footer":false,"_kad_post_classname":"","footnotes":""},"class_list":["post-3978","page","type-page","status-publish","hentry"],"acf":[],"aioseo_notices":[],"_links":{"self":[{"href":"https:\/\/korkee.fi\/en\/wp-json\/wp\/v2\/pages\/3978","targetHints":{"allow":["GET"]}}],"collection":[{"href":"https:\/\/korkee.fi\/en\/wp-json\/wp\/v2\/pages"}],"about":[{"href":"https:\/\/korkee.fi\/en\/wp-json\/wp\/v2\/types\/page"}],"author":[{"embeddable":true,"href":"https:\/\/korkee.fi\/en\/wp-json\/wp\/v2\/users\/1"}],"replies":[{"embeddable":true,"href":"https:\/\/korkee.fi\/en\/wp-json\/wp\/v2\/comments?post=3978"}],"version-history":[{"count":8,"href":"https:\/\/korkee.fi\/en\/wp-json\/wp\/v2\/pages\/3978\/revisions"}],"predecessor-version":[{"id":3986,"href":"https:\/\/korkee.fi\/en\/wp-json\/wp\/v2\/pages\/3978\/revisions\/3986"}],"wp:attachment":[{"href":"https:\/\/korkee.fi\/en\/wp-json\/wp\/v2\/media?parent=3978"}],"curies":[{"name":"wp","href":"https:\/\/api.w.org\/{rel}","templated":true}]}}